{"id":7910,"date":"2023-06-10T23:51:11","date_gmt":"2023-06-10T21:51:11","guid":{"rendered":"https:\/\/smbgroup.webcommunic.com\/?page_id=7910"},"modified":"2023-06-16T16:50:01","modified_gmt":"2023-06-16T14:50:01","slug":"formations","status":"publish","type":"page","link":"https:\/\/smbgroup.webcommunic.com\/index.php\/logiciels\/formations\/","title":{"rendered":"FORMATIONS"},"content":{"rendered":"\t\t<div data-elementor-type=\"wp-page\" data-elementor-id=\"7910\" class=\"elementor elementor-7910\">\n\t\t\t\t\t\t<div class=\"elementor-inner\">\n\t\t\t\t<div class=\"elementor-section-wrap\">\n\t\t\t\t\t\t\t\t\t<section class=\"elementor-section elementor-top-section elementor-element elementor-element-888932b elementor-section-full_width elementor-section-height-min-height elementor-section-content-middle elementor-section-stretched elementor-section-height-default elementor-section-items-middle\" data-id=\"888932b\" data-element_type=\"section\" data-settings=\"{&quot;background_background&quot;:&quot;classic&quot;,&quot;stretch_section&quot;:&quot;section-stretched&quot;}\">\n\t\t\t\t\t\t\t<div class=\"elementor-background-overlay\"><\/div>\n\t\t\t\t\t\t\t<div class=\"elementor-container elementor-column-gap-default\">\n\t\t\t\t\t\t\t<div class=\"elementor-row\">\n\t\t\t\t\t<div class=\"elementor-column elementor-col-100 elementor-top-column elementor-element elementor-element-1f589ec\" data-id=\"1f589ec\" data-element_type=\"column\">\n\t\t\t<div class=\"elementor-column-wrap elementor-element-populated\">\n\t\t\t\t\t\t\t<div class=\"elementor-widget-wrap\">\n\t\t\t\t\t\t<div class=\"elementor-element elementor-element-d8d3ee9 elementor-widget elementor-widget-heading\" data-id=\"d8d3ee9\" data-element_type=\"widget\" data-widget_type=\"heading.default\">\n\t\t\t\t<div class=\"elementor-widget-container\">\n\t\t\t<h2 class=\"elementor-heading-title elementor-size-large\">Formations<\/h2>\t\t<\/div>\n\t\t\t\t<\/div>\n\t\t\t\t<div class=\"elementor-element elementor-element-1ddc17b elementor-widget elementor-widget-heading\" data-id=\"1ddc17b\" data-element_type=\"widget\" data-widget_type=\"heading.default\">\n\t\t\t\t<div class=\"elementor-widget-container\">\n\t\t\t<h2 class=\"elementor-heading-title elementor-size-large\">Profitez des services mis \u00e0 votre disposition<\/h2>\t\t<\/div>\n\t\t\t\t<\/div>\n\t\t\t\t\t\t<\/div>\n\t\t\t\t\t<\/div>\n\t\t<\/div>\n\t\t\t\t\t\t\t\t<\/div>\n\t\t\t\t\t<\/div>\n\t\t<\/section>\n\t\t\t\t<section class=\"elementor-section elementor-top-section elementor-element elementor-element-4ebac9e elementor-section-full_width elementor-section-height-default elementor-section-height-default\" data-id=\"4ebac9e\" data-element_type=\"section\" data-settings=\"{&quot;background_background&quot;:&quot;classic&quot;}\">\n\t\t\t\t\t\t<div class=\"elementor-container elementor-column-gap-default\">\n\t\t\t\t\t\t\t<div class=\"elementor-row\">\n\t\t\t\t\t<div class=\"elementor-column elementor-col-100 elementor-top-column elementor-element elementor-element-a14d9d5 elementor-invisible\" data-id=\"a14d9d5\" data-element_type=\"column\" data-settings=\"{&quot;background_background&quot;:&quot;classic&quot;,&quot;animation&quot;:&quot;fadeInLeft&quot;}\">\n\t\t\t<div class=\"elementor-column-wrap elementor-element-populated\">\n\t\t\t\t\t\t\t<div class=\"elementor-widget-wrap\">\n\t\t\t\t\t\t<div class=\"elementor-element elementor-element-d8330fd elementor-position-top elementor-view-default elementor-mobile-position-top elementor-vertical-align-top elementor-widget elementor-widget-icon-box\" data-id=\"d8330fd\" data-element_type=\"widget\" data-widget_type=\"icon-box.default\">\n\t\t\t\t<div class=\"elementor-widget-container\">\n\t\t\t\t\t<div class=\"elementor-icon-box-wrapper\">\n\t\t\t\t\t\t<div class=\"elementor-icon-box-icon\">\n\t\t\t\t<span class=\"elementor-icon elementor-animation-shrink\" >\n\t\t\t\t<i aria-hidden=\"true\" class=\"far fa-window-minimize\"><\/i>\t\t\t\t<\/span>\n\t\t\t<\/div>\n\t\t\t\t\t\t<div class=\"elementor-icon-box-content\">\n\t\t\t\t<h3 class=\"elementor-icon-box-title\">\n\t\t\t\t\t<span  >\n\t\t\t\t\t\tACCOMPAGNEMENT\t\t\t\t\t<\/span>\n\t\t\t\t<\/h3>\n\t\t\t\t\t\t\t\t\t<p class=\"elementor-icon-box-description\">\n\t\t\t\t\t\tSherwood Software Services SPRL s'assure que vous soyez rapidement op\u00e9rationnel. \t\t\t\t\t<\/p>\n\t\t\t\t\t\t\t<\/div>\n\t\t<\/div>\n\t\t\t\t<\/div>\n\t\t\t\t<\/div>\n\t\t\t\t<div class=\"elementor-element elementor-element-cd89424 elementor-widget elementor-widget-text-editor\" data-id=\"cd89424\" data-element_type=\"widget\" data-settings=\"{&quot;_animation&quot;:&quot;none&quot;}\" data-widget_type=\"text-editor.default\">\n\t\t\t\t<div class=\"elementor-widget-container\">\n\t\t\t\t\t\t\t\t<div class=\"elementor-text-editor elementor-clearfix\">\n\t\t\t\t<p style=\"text-align: center;\">Afin de r\u00e9pondre \u00e0 vos demandes en constante \u00e9volution, nous mettons \u00e0 votre disposition des formateurs exp\u00e9riment\u00e9s pour tous nos produits.<br \/><br \/><\/p><h4 style=\"text-align: center;\"><span style=\"color: #008000;\"><strong>SAGE \u2013 WINBOOKS \u2013 EBP Software\u00a0 &#8211; Power BI &#8211; EMAsphere<br \/><br \/><\/strong><\/span><\/h4><p style=\"text-align: center;\">Notre \u00e9quipe de formateurs a pour objectif de vous transmettre l\u2019ensemble des outils n\u00e9cessaires \u00e0 la bonne utilisation du\/des logiciel(s) choisi(s).<\/p>\t\t\t\t\t<\/div>\n\t\t\t\t\t\t<\/div>\n\t\t\t\t<\/div>\n\t\t\t\t\t\t<\/div>\n\t\t\t\t\t<\/div>\n\t\t<\/div>\n\t\t\t\t\t\t\t\t<\/div>\n\t\t\t\t\t<\/div>\n\t\t<\/section>\n\t\t\t\t<section class=\"elementor-section elementor-top-section elementor-element elementor-element-bb2cc7c elementor-section-full_width elementor-section-height-default elementor-section-height-default\" data-id=\"bb2cc7c\" data-element_type=\"section\" data-settings=\"{&quot;background_background&quot;:&quot;classic&quot;}\">\n\t\t\t\t\t\t<div class=\"elementor-container elementor-column-gap-default\">\n\t\t\t\t\t\t\t<div class=\"elementor-row\">\n\t\t\t\t\t<div class=\"elementor-column elementor-col-100 elementor-top-column elementor-element elementor-element-f307408\" data-id=\"f307408\" data-element_type=\"column\">\n\t\t\t<div class=\"elementor-column-wrap elementor-element-populated\">\n\t\t\t\t\t\t\t<div class=\"elementor-widget-wrap\">\n\t\t\t\t\t\t<div class=\"elementor-element elementor-element-de14172 eael-dual-header-content-align-left elementor-widget elementor-widget-eael-dual-color-header\" data-id=\"de14172\" data-element_type=\"widget\" data-widget_type=\"eael-dual-color-header.default\">\n\t\t\t\t<div class=\"elementor-widget-container\">\n\t\t\t\n\t\t\n\t\t\t\t<div class=\"eael-dual-header\">\n\t\t\t\t\t<span class=\"eael-dch-svg-icon\"><i aria-hidden=\"true\" class=\"far fa-window-minimize\"><\/i><\/span>\t\t\t\t\t\t<h2 class=\"title\"><span  class=\"lead solid-color\">Catalogue de formations<\/span> <span><\/span><\/h2>\n\t\t\t\t<span class=\"subtext\"><\/span>\n\t\t<\/div>\n\t\n\t\t\n\t\t\n\t\t\t\t<\/div>\n\t\t\t\t<\/div>\n\t\t\t\t\t\t<\/div>\n\t\t\t\t\t<\/div>\n\t\t<\/div>\n\t\t\t\t\t\t\t\t<\/div>\n\t\t\t\t\t<\/div>\n\t\t<\/section>\n\t\t\t\t<section class=\"elementor-section elementor-top-section elementor-element elementor-element-106fa56 elementor-section-boxed elementor-section-height-default elementor-section-height-default\" data-id=\"106fa56\" data-element_type=\"section\" data-settings=\"{&quot;background_background&quot;:&quot;classic&quot;}\">\n\t\t\t\t\t\t<div class=\"elementor-container elementor-column-gap-default\">\n\t\t\t\t\t\t\t<div class=\"elementor-row\">\n\t\t\t\t\t<div class=\"elementor-column elementor-col-33 elementor-top-column elementor-element elementor-element-efa5294\" data-id=\"efa5294\" data-element_type=\"column\">\n\t\t\t<div class=\"elementor-column-wrap elementor-element-populated\">\n\t\t\t\t\t\t\t<div class=\"elementor-widget-wrap\">\n\t\t\t\t\t\t<div class=\"elementor-element elementor-element-97f288d elementor-view-framed elementor-position-top elementor-vertical-align-middle elementor-shape-circle elementor-mobile-position-top elementor-widget elementor-widget-icon-box\" data-id=\"97f288d\" data-element_type=\"widget\" data-widget_type=\"icon-box.default\">\n\t\t\t\t<div class=\"elementor-widget-container\">\n\t\t\t\t\t<div class=\"elementor-icon-box-wrapper\">\n\t\t\t\t\t\t<div class=\"elementor-icon-box-icon\">\n\t\t\t\t<span class=\"elementor-icon elementor-animation-shrink\" >\n\t\t\t\t<i aria-hidden=\"true\" class=\"far fa-lightbulb\"><\/i>\t\t\t\t<\/span>\n\t\t\t<\/div>\n\t\t\t\t\t\t<div class=\"elementor-icon-box-content\">\n\t\t\t\t<h3 class=\"elementor-icon-box-title\">\n\t\t\t\t\t<span  >\n\t\t\t\t\t\tTrucs & astuces\t\t\t\t\t<\/span>\n\t\t\t\t<\/h3>\n\t\t\t\t\t\t\t<\/div>\n\t\t<\/div>\n\t\t\t\t<\/div>\n\t\t\t\t<\/div>\n\t\t\t\t\t\t<\/div>\n\t\t\t\t\t<\/div>\n\t\t<\/div>\n\t\t\t\t<div class=\"elementor-column elementor-col-33 elementor-top-column elementor-element elementor-element-8a734fe\" data-id=\"8a734fe\" data-element_type=\"column\">\n\t\t\t<div class=\"elementor-column-wrap elementor-element-populated\">\n\t\t\t\t\t\t\t<div class=\"elementor-widget-wrap\">\n\t\t\t\t\t\t<div class=\"elementor-element elementor-element-6b7cfce elementor-widget elementor-widget-text-editor\" data-id=\"6b7cfce\" data-element_type=\"widget\" data-widget_type=\"text-editor.default\">\n\t\t\t\t<div class=\"elementor-widget-container\">\n\t\t\t\t\t\t\t\t<div class=\"elementor-text-editor elementor-clearfix\">\n\t\t\t\t<p style=\"text-align: left;\">Formation \u00ab trucs &amp; astuces \u00bb de 4 heures sur site ou \u00e0 distance<\/p>\t\t\t\t\t<\/div>\n\t\t\t\t\t\t<\/div>\n\t\t\t\t<\/div>\n\t\t\t\t\t\t<\/div>\n\t\t\t\t\t<\/div>\n\t\t<\/div>\n\t\t\t\t<div class=\"elementor-column elementor-col-33 elementor-top-column elementor-element elementor-element-d6b41e6\" data-id=\"d6b41e6\" data-element_type=\"column\">\n\t\t\t<div class=\"elementor-column-wrap elementor-element-populated\">\n\t\t\t\t\t\t\t<div class=\"elementor-widget-wrap\">\n\t\t\t\t\t\t<div class=\"elementor-element elementor-element-7d7f838 elementor-align-center elementor-widget elementor-widget-button\" data-id=\"7d7f838\" data-element_type=\"widget\" data-widget_type=\"button.default\">\n\t\t\t\t<div class=\"elementor-widget-container\">\n\t\t\t\t\t<div class=\"elementor-button-wrapper\">\n\t\t\t<a class=\"elementor-button elementor-button-link elementor-size-md\" href=\"https:\/\/smbgroup.webcommunic.com\/index.php\/contacts\/\">\n\t\t\t\t\t\t<span class=\"elementor-button-content-wrapper\">\n\t\t\t\t\t\t<span class=\"elementor-button-text\">contactez-nous<\/span>\n\t\t<\/span>\n\t\t\t\t\t<\/a>\n\t\t<\/div>\n\t\t\t\t<\/div>\n\t\t\t\t<\/div>\n\t\t\t\t\t\t<\/div>\n\t\t\t\t\t<\/div>\n\t\t<\/div>\n\t\t\t\t\t\t\t\t<\/div>\n\t\t\t\t\t<\/div>\n\t\t<\/section>\n\t\t\t\t<section class=\"elementor-section elementor-top-section elementor-element elementor-element-581a43a elementor-section-boxed elementor-section-height-default elementor-section-height-default\" data-id=\"581a43a\" data-element_type=\"section\" data-settings=\"{&quot;background_background&quot;:&quot;classic&quot;}\">\n\t\t\t\t\t\t<div class=\"elementor-container elementor-column-gap-default\">\n\t\t\t\t\t\t\t<div class=\"elementor-row\">\n\t\t\t\t\t<div class=\"elementor-column elementor-col-33 elementor-top-column elementor-element elementor-element-e64705c\" data-id=\"e64705c\" data-element_type=\"column\">\n\t\t\t<div class=\"elementor-column-wrap elementor-element-populated\">\n\t\t\t\t\t\t\t<div class=\"elementor-widget-wrap\">\n\t\t\t\t\t\t<div class=\"elementor-element elementor-element-d97144c elementor-view-framed elementor-shape-circle elementor-mobile-position-top elementor-vertical-align-top elementor-widget elementor-widget-icon-box\" data-id=\"d97144c\" data-element_type=\"widget\" data-widget_type=\"icon-box.default\">\n\t\t\t\t<div class=\"elementor-widget-container\">\n\t\t\t\t\t<div class=\"elementor-icon-box-wrapper\">\n\t\t\t\t\t\t<div class=\"elementor-icon-box-icon\">\n\t\t\t\t<span class=\"elementor-icon elementor-animation-shrink\" >\n\t\t\t\t<i aria-hidden=\"true\" class=\"fas fa-hourglass-start\"><\/i>\t\t\t\t<\/span>\n\t\t\t<\/div>\n\t\t\t\t\t\t<div class=\"elementor-icon-box-content\">\n\t\t\t\t<h3 class=\"elementor-icon-box-title\">\n\t\t\t\t\t<span  >\n\t\t\t\t\t\tPerfectionnement\t\t\t\t\t<\/span>\n\t\t\t\t<\/h3>\n\t\t\t\t\t\t\t<\/div>\n\t\t<\/div>\n\t\t\t\t<\/div>\n\t\t\t\t<\/div>\n\t\t\t\t\t\t<\/div>\n\t\t\t\t\t<\/div>\n\t\t<\/div>\n\t\t\t\t<div class=\"elementor-column elementor-col-33 elementor-top-column elementor-element elementor-element-1e27f44\" data-id=\"1e27f44\" data-element_type=\"column\">\n\t\t\t<div class=\"elementor-column-wrap elementor-element-populated\">\n\t\t\t\t\t\t\t<div class=\"elementor-widget-wrap\">\n\t\t\t\t\t\t<div class=\"elementor-element elementor-element-aaf212d elementor-widget elementor-widget-text-editor\" data-id=\"aaf212d\" data-element_type=\"widget\" data-widget_type=\"text-editor.default\">\n\t\t\t\t<div class=\"elementor-widget-container\">\n\t\t\t\t\t\t\t\t<div class=\"elementor-text-editor elementor-clearfix\">\n\t\t\t\t<p style=\"text-align: left;\">Formation de perfectionnement de 8 heures sur site<\/p>\t\t\t\t\t<\/div>\n\t\t\t\t\t\t<\/div>\n\t\t\t\t<\/div>\n\t\t\t\t\t\t<\/div>\n\t\t\t\t\t<\/div>\n\t\t<\/div>\n\t\t\t\t<div class=\"elementor-column elementor-col-33 elementor-top-column elementor-element elementor-element-a2101a6\" data-id=\"a2101a6\" data-element_type=\"column\">\n\t\t\t<div class=\"elementor-column-wrap elementor-element-populated\">\n\t\t\t\t\t\t\t<div class=\"elementor-widget-wrap\">\n\t\t\t\t\t\t<div class=\"elementor-element elementor-element-d84acf7 elementor-align-center elementor-widget elementor-widget-button\" data-id=\"d84acf7\" data-element_type=\"widget\" data-widget_type=\"button.default\">\n\t\t\t\t<div class=\"elementor-widget-container\">\n\t\t\t\t\t<div class=\"elementor-button-wrapper\">\n\t\t\t<a class=\"elementor-button elementor-button-link elementor-size-md\" href=\"https:\/\/smbgroup.webcommunic.com\/index.php\/contacts\/\">\n\t\t\t\t\t\t<span class=\"elementor-button-content-wrapper\">\n\t\t\t\t\t\t<span class=\"elementor-button-text\">contactez-nous<\/span>\n\t\t<\/span>\n\t\t\t\t\t<\/a>\n\t\t<\/div>\n\t\t\t\t<\/div>\n\t\t\t\t<\/div>\n\t\t\t\t\t\t<\/div>\n\t\t\t\t\t<\/div>\n\t\t<\/div>\n\t\t\t\t\t\t\t\t<\/div>\n\t\t\t\t\t<\/div>\n\t\t<\/section>\n\t\t\t\t<section class=\"elementor-section elementor-top-section elementor-element elementor-element-da66e3e elementor-section-content-middle elementor-section-full_width elementor-section-stretched elementor-section-height-default elementor-section-height-default\" data-id=\"da66e3e\" data-element_type=\"section\" data-settings=\"{&quot;background_background&quot;:&quot;classic&quot;,&quot;stretch_section&quot;:&quot;section-stretched&quot;}\">\n\t\t\t\t\t\t<div class=\"elementor-container elementor-column-gap-no\">\n\t\t\t\t\t\t\t<div class=\"elementor-row\">\n\t\t\t\t\t<div class=\"elementor-column elementor-col-100 elementor-top-column elementor-element elementor-element-ec24e3a\" data-id=\"ec24e3a\" data-element_type=\"column\">\n\t\t\t<div class=\"elementor-column-wrap elementor-element-populated\">\n\t\t\t\t\t\t\t<div class=\"elementor-widget-wrap\">\n\t\t\t\t\t\t<div class=\"elementor-element elementor-element-85e1076 elementor-widget elementor-widget-text-editor\" data-id=\"85e1076\" data-element_type=\"widget\" data-widget_type=\"text-editor.default\">\n\t\t\t\t<div class=\"elementor-widget-container\">\n\t\t\t\t\t\t\t\t<div class=\"elementor-text-editor elementor-clearfix\">\n\t\t\t\t<p style=\"text-align: center;\">Concr\u00e9tisez vos projets et b\u00e9n\u00e9ficiez de notre expertise personnalis\u00e9e<\/p>\t\t\t\t\t<\/div>\n\t\t\t\t\t\t<\/div>\n\t\t\t\t<\/div>\n\t\t\t\t<div class=\"elementor-element elementor-element-2a79e88 elementor-align-center elementor-widget elementor-widget-button\" data-id=\"2a79e88\" data-element_type=\"widget\" data-widget_type=\"button.default\">\n\t\t\t\t<div class=\"elementor-widget-container\">\n\t\t\t\t\t<div class=\"elementor-button-wrapper\">\n\t\t\t<a class=\"elementor-button elementor-button-link elementor-size-xl elementor-animation-float\" href=\"https:\/\/smbgroup.webcommunic.com\/index.php\/contacts\/\">\n\t\t\t\t\t\t<span class=\"elementor-button-content-wrapper\">\n\t\t\t\t\t\t<span class=\"elementor-button-text\">CONTACTEZ-NOUS<\/span>\n\t\t<\/span>\n\t\t\t\t\t<\/a>\n\t\t<\/div>\n\t\t\t\t<\/div>\n\t\t\t\t<\/div>\n\t\t\t\t\t\t<\/div>\n\t\t\t\t\t<\/div>\n\t\t<\/div>\n\t\t\t\t\t\t\t\t<\/div>\n\t\t\t\t\t<\/div>\n\t\t<\/section>\n\t\t\t\t\t\t\t\t\t<\/div>\n\t\t\t<\/div>\n\t\t\t\t\t<\/div>\n\t\t","protected":false},"excerpt":{"rendered":"<p>Formations Profitez des services mis \u00e0 votre disposition ACCOMPAGNEMENT Sherwood Software Services SPRL s&rsquo;assure que vous soyez rapidement op\u00e9rationnel. Afin de r\u00e9pondre \u00e0 vos demandes&hellip;<\/p>\n","protected":false},"author":3,"featured_media":0,"parent":26,"menu_order":0,"comment_status":"closed","ping_status":"closed","template":"","meta":[],"yoast_head":"<!-- This site is optimized with the Yoast SEO plugin v20.9 - https:\/\/yoast.com\/wordpress\/plugins\/seo\/ -->\n<title>FORMATIONS - SMB Group<\/title>\n<meta name=\"robots\" content=\"index, follow, max-snippet:-1, max-image-preview:large, max-video-preview:-1\" \/>\n<link rel=\"canonical\" href=\"https:\/\/smbgroup.webcommunic.com\/index.php\/logiciels\/formations\/\" \/>\n<meta property=\"og:locale\" content=\"fr_FR\" \/>\n<meta property=\"og:type\" content=\"article\" \/>\n<meta property=\"og:title\" content=\"FORMATIONS - SMB Group\" \/>\n<meta property=\"og:description\" content=\"Formations Profitez des services mis \u00e0 votre disposition ACCOMPAGNEMENT Sherwood Software Services SPRL s&rsquo;assure que vous soyez rapidement op\u00e9rationnel. Afin de r\u00e9pondre \u00e0 vos demandes&hellip;\" \/>\n<meta property=\"og:url\" content=\"https:\/\/smbgroup.webcommunic.com\/index.php\/logiciels\/formations\/\" \/>\n<meta property=\"og:site_name\" content=\"SMB Group\" \/>\n<meta property=\"article:publisher\" content=\"https:\/\/www.facebook.com\/smbgroup.be\" \/>\n<meta property=\"article:modified_time\" content=\"2023-06-16T14:50:01+00:00\" \/>\n<meta name=\"twitter:card\" content=\"summary_large_image\" \/>\n<meta name=\"twitter:site\" content=\"@smbgroup_\" \/>\n<meta name=\"twitter:label1\" content=\"Dur\u00e9e de lecture estim\u00e9e\" \/>\n\t<meta name=\"twitter:data1\" content=\"1 minute\" \/>\n<script type=\"application\/ld+json\" class=\"yoast-schema-graph\">{\"@context\":\"https:\/\/schema.org\",\"@graph\":[{\"@type\":\"WebPage\",\"@id\":\"https:\/\/smbgroup.webcommunic.com\/index.php\/logiciels\/formations\/\",\"url\":\"https:\/\/smbgroup.webcommunic.com\/index.php\/logiciels\/formations\/\",\"name\":\"FORMATIONS - SMB Group\",\"isPartOf\":{\"@id\":\"https:\/\/smbgroup.webcommunic.com\/#website\"},\"datePublished\":\"2023-06-10T21:51:11+00:00\",\"dateModified\":\"2023-06-16T14:50:01+00:00\",\"breadcrumb\":{\"@id\":\"https:\/\/smbgroup.webcommunic.com\/index.php\/logiciels\/formations\/#breadcrumb\"},\"inLanguage\":\"fr-FR\",\"potentialAction\":[{\"@type\":\"ReadAction\",\"target\":[\"https:\/\/smbgroup.webcommunic.com\/index.php\/logiciels\/formations\/\"]}]},{\"@type\":\"BreadcrumbList\",\"@id\":\"https:\/\/smbgroup.webcommunic.com\/index.php\/logiciels\/formations\/#breadcrumb\",\"itemListElement\":[{\"@type\":\"ListItem\",\"position\":1,\"name\":\"Accueil\",\"item\":\"https:\/\/smbgroup.webcommunic.com\/\"},{\"@type\":\"ListItem\",\"position\":2,\"name\":\"Logiciels\",\"item\":\"https:\/\/smbgroup.webcommunic.com\/index.php\/logiciels\/\"},{\"@type\":\"ListItem\",\"position\":3,\"name\":\"FORMATIONS\"}]},{\"@type\":\"WebSite\",\"@id\":\"https:\/\/smbgroup.webcommunic.com\/#website\",\"url\":\"https:\/\/smbgroup.webcommunic.com\/\",\"name\":\"SMB Group\",\"description\":\"Hardware &amp; Software Solutions\",\"publisher\":{\"@id\":\"https:\/\/smbgroup.webcommunic.com\/#organization\"},\"potentialAction\":[{\"@type\":\"SearchAction\",\"target\":{\"@type\":\"EntryPoint\",\"urlTemplate\":\"https:\/\/smbgroup.webcommunic.com\/?s={search_term_string}\"},\"query-input\":\"required name=search_term_string\"}],\"inLanguage\":\"fr-FR\"},{\"@type\":\"Organization\",\"@id\":\"https:\/\/smbgroup.webcommunic.com\/#organization\",\"name\":\"SMB Group\",\"url\":\"https:\/\/smbgroup.webcommunic.com\/\",\"logo\":{\"@type\":\"ImageObject\",\"inLanguage\":\"fr-FR\",\"@id\":\"https:\/\/smbgroup.webcommunic.com\/#\/schema\/logo\/image\/\",\"url\":\"https:\/\/www.smbgroup.be\/wp-content\/uploads\/2019\/04\/logo-smb_high2-e1555669251801.png\",\"contentUrl\":\"https:\/\/www.smbgroup.be\/wp-content\/uploads\/2019\/04\/logo-smb_high2-e1555669251801.png\",\"width\":200,\"height\":239,\"caption\":\"SMB Group\"},\"image\":{\"@id\":\"https:\/\/smbgroup.webcommunic.com\/#\/schema\/logo\/image\/\"},\"sameAs\":[\"https:\/\/www.facebook.com\/smbgroup.be\",\"https:\/\/twitter.com\/smbgroup_\",\"https:\/\/www.linkedin.com\/company\/smb-it-management-solutions---belgique-s-a\/\",\"https:\/\/www.youtube.com\/channel\/UCGSg8O2NrzqXyxt795vK6GA?view_as=subscriber\"]}]}<\/script>\n<!-- \/ Yoast SEO plugin. -->","yoast_head_json":{"title":"FORMATIONS - SMB Group","robots":{"index":"index","follow":"follow","max-snippet":"max-snippet:-1","max-image-preview":"max-image-preview:large","max-video-preview":"max-video-preview:-1"},"canonical":"https:\/\/smbgroup.webcommunic.com\/index.php\/logiciels\/formations\/","og_locale":"fr_FR","og_type":"article","og_title":"FORMATIONS - SMB Group","og_description":"Formations Profitez des services mis \u00e0 votre disposition ACCOMPAGNEMENT Sherwood Software Services SPRL s&rsquo;assure que vous soyez rapidement op\u00e9rationnel. Afin de r\u00e9pondre \u00e0 vos demandes&hellip;","og_url":"https:\/\/smbgroup.webcommunic.com\/index.php\/logiciels\/formations\/","og_site_name":"SMB Group","article_publisher":"https:\/\/www.facebook.com\/smbgroup.be","article_modified_time":"2023-06-16T14:50:01+00:00","twitter_card":"summary_large_image","twitter_site":"@smbgroup_","twitter_misc":{"Dur\u00e9e de lecture estim\u00e9e":"1 minute"},"schema":{"@context":"https:\/\/schema.org","@graph":[{"@type":"WebPage","@id":"https:\/\/smbgroup.webcommunic.com\/index.php\/logiciels\/formations\/","url":"https:\/\/smbgroup.webcommunic.com\/index.php\/logiciels\/formations\/","name":"FORMATIONS - SMB Group","isPartOf":{"@id":"https:\/\/smbgroup.webcommunic.com\/#website"},"datePublished":"2023-06-10T21:51:11+00:00","dateModified":"2023-06-16T14:50:01+00:00","breadcrumb":{"@id":"https:\/\/smbgroup.webcommunic.com\/index.php\/logiciels\/formations\/#breadcrumb"},"inLanguage":"fr-FR","potentialAction":[{"@type":"ReadAction","target":["https:\/\/smbgroup.webcommunic.com\/index.php\/logiciels\/formations\/"]}]},{"@type":"BreadcrumbList","@id":"https:\/\/smbgroup.webcommunic.com\/index.php\/logiciels\/formations\/#breadcrumb","itemListElement":[{"@type":"ListItem","position":1,"name":"Accueil","item":"https:\/\/smbgroup.webcommunic.com\/"},{"@type":"ListItem","position":2,"name":"Logiciels","item":"https:\/\/smbgroup.webcommunic.com\/index.php\/logiciels\/"},{"@type":"ListItem","position":3,"name":"FORMATIONS"}]},{"@type":"WebSite","@id":"https:\/\/smbgroup.webcommunic.com\/#website","url":"https:\/\/smbgroup.webcommunic.com\/","name":"SMB Group","description":"Hardware &amp; Software Solutions","publisher":{"@id":"https:\/\/smbgroup.webcommunic.com\/#organization"},"potentialAction":[{"@type":"SearchAction","target":{"@type":"EntryPoint","urlTemplate":"https:\/\/smbgroup.webcommunic.com\/?s={search_term_string}"},"query-input":"required name=search_term_string"}],"inLanguage":"fr-FR"},{"@type":"Organization","@id":"https:\/\/smbgroup.webcommunic.com\/#organization","name":"SMB Group","url":"https:\/\/smbgroup.webcommunic.com\/","logo":{"@type":"ImageObject","inLanguage":"fr-FR","@id":"https:\/\/smbgroup.webcommunic.com\/#\/schema\/logo\/image\/","url":"https:\/\/www.smbgroup.be\/wp-content\/uploads\/2019\/04\/logo-smb_high2-e1555669251801.png","contentUrl":"https:\/\/www.smbgroup.be\/wp-content\/uploads\/2019\/04\/logo-smb_high2-e1555669251801.png","width":200,"height":239,"caption":"SMB Group"},"image":{"@id":"https:\/\/smbgroup.webcommunic.com\/#\/schema\/logo\/image\/"},"sameAs":["https:\/\/www.facebook.com\/smbgroup.be","https:\/\/twitter.com\/smbgroup_","https:\/\/www.linkedin.com\/company\/smb-it-management-solutions---belgique-s-a\/","https:\/\/www.youtube.com\/channel\/UCGSg8O2NrzqXyxt795vK6GA?view_as=subscriber"]}]}},"_links":{"self":[{"href":"https:\/\/smbgroup.webcommunic.com\/index.php\/wp-json\/wp\/v2\/pages\/7910"}],"collection":[{"href":"https:\/\/smbgroup.webcommunic.com\/index.php\/wp-json\/wp\/v2\/pages"}],"about":[{"href":"https:\/\/smbgroup.webcommunic.com\/index.php\/wp-json\/wp\/v2\/types\/page"}],"author":[{"embeddable":true,"href":"https:\/\/smbgroup.webcommunic.com\/index.php\/wp-json\/wp\/v2\/users\/3"}],"replies":[{"embeddable":true,"href":"https:\/\/smbgroup.webcommunic.com\/index.php\/wp-json\/wp\/v2\/comments?post=7910"}],"version-history":[{"count":83,"href":"https:\/\/smbgroup.webcommunic.com\/index.php\/wp-json\/wp\/v2\/pages\/7910\/revisions"}],"predecessor-version":[{"id":10124,"href":"https:\/\/smbgroup.webcommunic.com\/index.php\/wp-json\/wp\/v2\/pages\/7910\/revisions\/10124"}],"up":[{"embeddable":true,"href":"https:\/\/smbgroup.webcommunic.com\/index.php\/wp-json\/wp\/v2\/pages\/26"}],"wp:attachment":[{"href":"https:\/\/smbgroup.webcommunic.com\/index.php\/wp-json\/wp\/v2\/media?parent=7910"}],"curies":[{"name":"wp","href":"https:\/\/api.w.org\/{rel}","templated":true}]}}