{"id":70,"date":"2018-12-21T11:17:22","date_gmt":"2018-12-21T10:17:22","guid":{"rendered":"https:\/\/www.smbgroup.be\/?page_id=70"},"modified":"2023-06-18T18:17:14","modified_gmt":"2023-06-18T16:17:14","slug":"infogerance","status":"publish","type":"page","link":"https:\/\/smbgroup.webcommunic.com\/index.php\/hardware\/infogerance\/","title":{"rendered":"Infog\u00e9rance"},"content":{"rendered":"\t\t<div data-elementor-type=\"wp-post\" data-elementor-id=\"70\" class=\"elementor elementor-70\">\n\t\t\t\t\t\t<div class=\"elementor-inner\">\n\t\t\t\t<div class=\"elementor-section-wrap\">\n\t\t\t\t\t\t\t\t\t<section class=\"elementor-section elementor-top-section elementor-element elementor-element-73fbb88 elementor-section-full_width elementor-section-height-min-height elementor-section-content-middle elementor-section-stretched elementor-section-height-default elementor-section-items-middle\" data-id=\"73fbb88\" data-element_type=\"section\" data-settings=\"{&quot;background_background&quot;:&quot;classic&quot;,&quot;stretch_section&quot;:&quot;section-stretched&quot;}\">\n\t\t\t\t\t\t\t<div class=\"elementor-background-overlay\"><\/div>\n\t\t\t\t\t\t\t<div class=\"elementor-container elementor-column-gap-default\">\n\t\t\t\t\t\t\t<div class=\"elementor-row\">\n\t\t\t\t\t<div class=\"elementor-column elementor-col-100 elementor-top-column elementor-element elementor-element-c565c1e\" data-id=\"c565c1e\" data-element_type=\"column\">\n\t\t\t<div class=\"elementor-column-wrap elementor-element-populated\">\n\t\t\t\t\t\t\t<div class=\"elementor-widget-wrap\">\n\t\t\t\t\t\t<div class=\"elementor-element elementor-element-00c2ab6 elementor-widget elementor-widget-heading\" data-id=\"00c2ab6\" data-element_type=\"widget\" data-widget_type=\"heading.default\">\n\t\t\t\t<div class=\"elementor-widget-container\">\n\t\t\t<h1 class=\"elementor-heading-title elementor-size-large\">infog\u00e9rance<\/h1>\t\t<\/div>\n\t\t\t\t<\/div>\n\t\t\t\t\t\t<\/div>\n\t\t\t\t\t<\/div>\n\t\t<\/div>\n\t\t\t\t\t\t\t\t<\/div>\n\t\t\t\t\t<\/div>\n\t\t<\/section>\n\t\t\t\t<section class=\"elementor-section elementor-top-section elementor-element elementor-element-16502ed elementor-section-full_width elementor-section-height-default elementor-section-height-default\" data-id=\"16502ed\" data-element_type=\"section\" data-settings=\"{&quot;background_background&quot;:&quot;classic&quot;}\">\n\t\t\t\t\t\t<div class=\"elementor-container elementor-column-gap-no\">\n\t\t\t\t\t\t\t<div class=\"elementor-row\">\n\t\t\t\t\t<div class=\"elementor-column elementor-col-100 elementor-top-column elementor-element elementor-element-8e50f67\" data-id=\"8e50f67\" data-element_type=\"column\">\n\t\t\t<div class=\"elementor-column-wrap elementor-element-populated\">\n\t\t\t\t\t\t\t<div class=\"elementor-widget-wrap\">\n\t\t\t\t\t\t<section class=\"elementor-section elementor-inner-section elementor-element elementor-element-c5469d5 elementor-section-boxed elementor-section-height-default elementor-section-height-default\" data-id=\"c5469d5\" data-element_type=\"section\">\n\t\t\t\t\t\t<div class=\"elementor-container elementor-column-gap-no\">\n\t\t\t\t\t\t\t<div class=\"elementor-row\">\n\t\t\t\t\t<div class=\"elementor-column elementor-col-50 elementor-inner-column elementor-element elementor-element-c22944d elementor-invisible\" data-id=\"c22944d\" data-element_type=\"column\" data-settings=\"{&quot;animation&quot;:&quot;fadeInRight&quot;,&quot;background_background&quot;:&quot;classic&quot;}\">\n\t\t\t<div class=\"elementor-column-wrap elementor-element-populated\">\n\t\t\t\t\t\t\t<div class=\"elementor-widget-wrap\">\n\t\t\t\t\t\t<div class=\"elementor-element elementor-element-018286f elementor-widget elementor-widget-image\" data-id=\"018286f\" data-element_type=\"widget\" data-settings=\"{&quot;motion_fx_motion_fx_scrolling&quot;:&quot;yes&quot;,&quot;motion_fx_scale_effect&quot;:&quot;yes&quot;,&quot;motion_fx_scale_direction&quot;:&quot;in-out&quot;,&quot;motion_fx_scale_speed&quot;:{&quot;unit&quot;:&quot;px&quot;,&quot;size&quot;:1,&quot;sizes&quot;:[]},&quot;motion_fx_scale_range&quot;:{&quot;unit&quot;:&quot;%&quot;,&quot;size&quot;:&quot;&quot;,&quot;sizes&quot;:{&quot;start&quot;:20,&quot;end&quot;:80}},&quot;motion_fx_devices&quot;:[&quot;widescreen&quot;,&quot;desktop&quot;,&quot;tablet_extra&quot;,&quot;tablet&quot;,&quot;mobile&quot;]}\" data-widget_type=\"image.default\">\n\t\t\t\t<div class=\"elementor-widget-container\">\n\t\t\t\t\t\t\t\t<div class=\"elementor-image\">\n\t\t\t\t\t\t\t\t\t\t\t\t<img decoding=\"async\" width=\"720\" height=\"315\" src=\"https:\/\/smbgroup.webcommunic.com\/wp-content\/uploads\/2023\/05\/outsourcing.png\" class=\"attachment-full size-full wp-image-6065\" alt=\"infogerance-outsourcing-by-smbgroup\" loading=\"lazy\" srcset=\"https:\/\/smbgroup.webcommunic.com\/wp-content\/uploads\/2023\/05\/outsourcing.png 720w, https:\/\/smbgroup.webcommunic.com\/wp-content\/uploads\/2023\/05\/outsourcing-300x131.png 300w\" sizes=\"(max-width: 720px) 100vw, 720px\" \/>\t\t\t\t\t\t\t\t\t\t\t\t\t\t<\/div>\n\t\t\t\t\t\t<\/div>\n\t\t\t\t<\/div>\n\t\t\t\t<div class=\"elementor-element elementor-element-4e4a411 eael-dual-header-content-align-left elementor-widget elementor-widget-eael-dual-color-header\" data-id=\"4e4a411\" data-element_type=\"widget\" data-widget_type=\"eael-dual-color-header.default\">\n\t\t\t\t<div class=\"elementor-widget-container\">\n\t\t\t\n\t\t\n\t\t\t\t<div class=\"eael-dual-header\">\n\t\t\t\t\t<span class=\"eael-dch-svg-icon\"><i aria-hidden=\"true\" class=\"far fa-window-minimize\"><\/i><\/span>\t\t\t\t\t\t<h2 class=\"title\"><span  class=\"lead solid-color\">Chez SMB IT nous maintenons votre infrastructure informatique.<\/span> <span><\/span><\/h2>\n\t\t\t\t<span class=\"subtext\"><\/span>\n\t\t<\/div>\n\t\n\t\t\n\t\t\n\t\t\t\t<\/div>\n\t\t\t\t<\/div>\n\t\t\t\t<div class=\"elementor-element elementor-element-a2dd19d elementor-widget elementor-widget-text-editor\" data-id=\"a2dd19d\" data-element_type=\"widget\" data-widget_type=\"text-editor.default\">\n\t\t\t\t<div class=\"elementor-widget-container\">\n\t\t\t\t\t\t\t\t<div class=\"elementor-text-editor elementor-clearfix\">\n\t\t\t\t<p>La gestion de l\u2019informatique est un v\u00e9ritable d\u00e9fi pour une soci\u00e9t\u00e9, c\u2019est pourquoi chez SMB IT notre m\u00e9tier est de maintenir votre infrastructure informatique au quotidien.<\/p><ul><li><strong>Outsourcing<\/strong><\/li><li><strong>Expertise<\/strong><\/li><li><strong>Maintenance<\/strong><\/li><li><strong>Technique<\/strong><\/li><li><strong>R\u00e9\u00e9valuation<\/strong><\/li><\/ul><p><span style=\"color: #339966;\"><br \/>Apr\u00e8s ces diff\u00e9rents passages,<\/span> <span style=\"color: #339966;\">une r\u00e9union est organis\u00e9e avec le d\u00e9partement commercial afin de proc\u00e9der \u00e0 une\u00a0r\u00e9\u00e9valuation d\u2019infrastructure.<\/span><\/p>\t\t\t\t\t<\/div>\n\t\t\t\t\t\t<\/div>\n\t\t\t\t<\/div>\n\t\t\t\t\t\t<\/div>\n\t\t\t\t\t<\/div>\n\t\t<\/div>\n\t\t\t\t<div class=\"elementor-column elementor-col-50 elementor-inner-column elementor-element elementor-element-17a2e06\" data-id=\"17a2e06\" data-element_type=\"column\">\n\t\t\t<div class=\"elementor-column-wrap elementor-element-populated\">\n\t\t\t\t\t\t\t<div class=\"elementor-widget-wrap\">\n\t\t\t\t\t\t<div class=\"elementor-element elementor-element-ba87aad elementor-widget elementor-widget-accordion\" data-id=\"ba87aad\" data-element_type=\"widget\" data-widget_type=\"accordion.default\">\n\t\t\t\t<div class=\"elementor-widget-container\">\n\t\t\t\t\t<div class=\"elementor-accordion\">\n\t\t\t\t\t\t\t<div class=\"elementor-accordion-item\">\n\t\t\t\t\t<div id=\"elementor-tab-title-1951\" class=\"elementor-tab-title\" data-tab=\"1\" role=\"button\" aria-controls=\"elementor-tab-content-1951\" aria-expanded=\"false\">\n\t\t\t\t\t\t\t\t\t\t\t\t\t<span class=\"elementor-accordion-icon elementor-accordion-icon-left\" aria-hidden=\"true\">\n\t\t\t\t\t\t\t\t\t\t\t\t\t\t\t<span class=\"elementor-accordion-icon-closed\"><i class=\"fas fa-plus\"><\/i><\/span>\n\t\t\t\t\t\t\t\t<span class=\"elementor-accordion-icon-opened\"><i class=\"fas fa-minus\"><\/i><\/span>\n\t\t\t\t\t\t\t\t\t\t\t\t\t\t<\/span>\n\t\t\t\t\t\t\t\t\t\t\t\t<a class=\"elementor-accordion-title\" tabindex=\"0\">Outsourcing<\/a>\n\t\t\t\t\t<\/div>\n\t\t\t\t\t<div id=\"elementor-tab-content-1951\" class=\"elementor-tab-content elementor-clearfix\" data-tab=\"1\" role=\"region\" aria-labelledby=\"elementor-tab-title-1951\"><div class=\"elementor-icon-box-wrapper\"><div class=\"elementor-icon-box-content\"><p class=\"elementor-icon-box-description\">Avec l\u2019offre\u00a0<strong>Outsourcing<\/strong>\u00a0de SMB, vous pouvez pleinement vous\u00a0consacrer\u00a0\u00e0 votre\u00a0<strong>core\u00a0business<\/strong>\u00a0!<\/p><\/div><\/div><\/div>\n\t\t\t\t<\/div>\n\t\t\t\t\t\t\t<div class=\"elementor-accordion-item\">\n\t\t\t\t\t<div id=\"elementor-tab-title-1952\" class=\"elementor-tab-title\" data-tab=\"2\" role=\"button\" aria-controls=\"elementor-tab-content-1952\" aria-expanded=\"false\">\n\t\t\t\t\t\t\t\t\t\t\t\t\t<span class=\"elementor-accordion-icon elementor-accordion-icon-left\" aria-hidden=\"true\">\n\t\t\t\t\t\t\t\t\t\t\t\t\t\t\t<span class=\"elementor-accordion-icon-closed\"><i class=\"fas fa-plus\"><\/i><\/span>\n\t\t\t\t\t\t\t\t<span class=\"elementor-accordion-icon-opened\"><i class=\"fas fa-minus\"><\/i><\/span>\n\t\t\t\t\t\t\t\t\t\t\t\t\t\t<\/span>\n\t\t\t\t\t\t\t\t\t\t\t\t<a class=\"elementor-accordion-title\" tabindex=\"0\">Expertise<\/a>\n\t\t\t\t\t<\/div>\n\t\t\t\t\t<div id=\"elementor-tab-content-1952\" class=\"elementor-tab-content elementor-clearfix\" data-tab=\"2\" role=\"region\" aria-labelledby=\"elementor-tab-title-1952\"><p>Nous mettons \u00e0 votre disposition\u00a0l\u2019<strong>expertise<\/strong>\u00a0de\u00a0nos diff\u00e9rentes \u00e9quipes\u00a0en terme de <strong>suivi d\u2019infrastructure<\/strong>, d\u2019<strong>impl\u00e9mentation r\u00e9seau et\/ou serveur.<\/strong><\/p><\/div>\n\t\t\t\t<\/div>\n\t\t\t\t\t\t\t<div class=\"elementor-accordion-item\">\n\t\t\t\t\t<div id=\"elementor-tab-title-1953\" class=\"elementor-tab-title\" data-tab=\"3\" role=\"button\" aria-controls=\"elementor-tab-content-1953\" aria-expanded=\"false\">\n\t\t\t\t\t\t\t\t\t\t\t\t\t<span class=\"elementor-accordion-icon elementor-accordion-icon-left\" aria-hidden=\"true\">\n\t\t\t\t\t\t\t\t\t\t\t\t\t\t\t<span class=\"elementor-accordion-icon-closed\"><i class=\"fas fa-plus\"><\/i><\/span>\n\t\t\t\t\t\t\t\t<span class=\"elementor-accordion-icon-opened\"><i class=\"fas fa-minus\"><\/i><\/span>\n\t\t\t\t\t\t\t\t\t\t\t\t\t\t<\/span>\n\t\t\t\t\t\t\t\t\t\t\t\t<a class=\"elementor-accordion-title\" tabindex=\"0\">Maintenance<\/a>\n\t\t\t\t\t<\/div>\n\t\t\t\t\t<div id=\"elementor-tab-content-1953\" class=\"elementor-tab-content elementor-clearfix\" data-tab=\"3\" role=\"region\" aria-labelledby=\"elementor-tab-title-1953\"><p>Chez SMB, l\u2019aspect\u00a0humain\u00a0est primordial.<\/p><p>Nous optons pour des <strong>maintenances<\/strong> directement r\u00e9alis\u00e9es sur votre site.<\/p><p>Les\u00a0interventions\u00a0distantes\u00a0sont effectu\u00e9es pour le <strong>Helpdesk<\/strong> ou pour le suivi journalier de votre\u00a0<strong>infrastructure<\/strong>.<\/p><\/div>\n\t\t\t\t<\/div>\n\t\t\t\t\t\t\t<div class=\"elementor-accordion-item\">\n\t\t\t\t\t<div id=\"elementor-tab-title-1954\" class=\"elementor-tab-title\" data-tab=\"4\" role=\"button\" aria-controls=\"elementor-tab-content-1954\" aria-expanded=\"false\">\n\t\t\t\t\t\t\t\t\t\t\t\t\t<span class=\"elementor-accordion-icon elementor-accordion-icon-left\" aria-hidden=\"true\">\n\t\t\t\t\t\t\t\t\t\t\t\t\t\t\t<span class=\"elementor-accordion-icon-closed\"><i class=\"fas fa-plus\"><\/i><\/span>\n\t\t\t\t\t\t\t\t<span class=\"elementor-accordion-icon-opened\"><i class=\"fas fa-minus\"><\/i><\/span>\n\t\t\t\t\t\t\t\t\t\t\t\t\t\t<\/span>\n\t\t\t\t\t\t\t\t\t\t\t\t<a class=\"elementor-accordion-title\" tabindex=\"0\">Technique<\/a>\n\t\t\t\t\t<\/div>\n\t\t\t\t\t<div id=\"elementor-tab-content-1954\" class=\"elementor-tab-content elementor-clearfix\" data-tab=\"4\" role=\"region\" aria-labelledby=\"elementor-tab-title-1954\"><p>Tout au long de notre <strong>collaboration<\/strong>, un <strong>technicien<\/strong> vous sera sp\u00e9cialement d\u00e9di\u00e9 et vous accompagnera dans vos diverses <strong>d\u00e9marches IT<\/strong>.<\/p><p>Lors de son passage, le technicien\u00a0contr\u00f4lera\u00a0l\u2019\u00e9tat de vos <strong>serveurs<\/strong>,\u00a0\u00a0programmera\u00a0vos \u00e9ventuelles<strong> mises \u00e0 jours<\/strong> et\u00a0v\u00e9rifiera\u00a0la stabilit\u00e9 de votre<strong> syst\u00e8me<\/strong>.<\/p><\/div>\n\t\t\t\t<\/div>\n\t\t\t\t\t\t\t\t<\/div>\n\t\t\t\t<\/div>\n\t\t\t\t<\/div>\n\t\t\t\t\t\t<\/div>\n\t\t\t\t\t<\/div>\n\t\t<\/div>\n\t\t\t\t\t\t\t\t<\/div>\n\t\t\t\t\t<\/div>\n\t\t<\/section>\n\t\t\t\t<div class=\"elementor-element elementor-element-314e426 elementor-widget__width-auto elementor-absolute elementor-widget elementor-widget-image\" data-id=\"314e426\" data-element_type=\"widget\" data-settings=\"{&quot;_position&quot;:&quot;absolute&quot;}\" data-widget_type=\"image.default\">\n\t\t\t\t<div class=\"elementor-widget-container\">\n\t\t\t\t\t\t\t\t<div class=\"elementor-image\">\n\t\t\t\t\t\t\t\t\t\t\t\t<img decoding=\"async\" src=\"https:\/\/static.live.templately.com\/2020\/09\/5a2debc5-shape_left.png\" title=\"\" alt=\"\" loading=\"lazy\" \/>\t\t\t\t\t\t\t\t\t\t\t\t\t\t<\/div>\n\t\t\t\t\t\t<\/div>\n\t\t\t\t<\/div>\n\t\t\t\t\t\t<\/div>\n\t\t\t\t\t<\/div>\n\t\t<\/div>\n\t\t\t\t\t\t\t\t<\/div>\n\t\t\t\t\t<\/div>\n\t\t<\/section>\n\t\t\t\t<section class=\"elementor-section elementor-top-section elementor-element elementor-element-5e9c2ef4 elementor-section-content-middle elementor-section-full_width elementor-section-stretched elementor-section-height-default elementor-section-height-default\" data-id=\"5e9c2ef4\" data-element_type=\"section\" data-settings=\"{&quot;background_background&quot;:&quot;classic&quot;,&quot;stretch_section&quot;:&quot;section-stretched&quot;}\">\n\t\t\t\t\t\t<div class=\"elementor-container elementor-column-gap-no\">\n\t\t\t\t\t\t\t<div class=\"elementor-row\">\n\t\t\t\t\t<div class=\"elementor-column elementor-col-100 elementor-top-column elementor-element elementor-element-62ab473a\" data-id=\"62ab473a\" data-element_type=\"column\">\n\t\t\t<div class=\"elementor-column-wrap elementor-element-populated\">\n\t\t\t\t\t\t\t<div class=\"elementor-widget-wrap\">\n\t\t\t\t\t\t<div class=\"elementor-element elementor-element-45087e8 elementor-widget elementor-widget-text-editor\" data-id=\"45087e8\" data-element_type=\"widget\" data-widget_type=\"text-editor.default\">\n\t\t\t\t<div class=\"elementor-widget-container\">\n\t\t\t\t\t\t\t\t<div class=\"elementor-text-editor elementor-clearfix\">\n\t\t\t\t<p style=\"text-align: center;\">Concr\u00e9tisez vos projets et b\u00e9n\u00e9ficiez de notre expertise personnalis\u00e9e<\/p>\t\t\t\t\t<\/div>\n\t\t\t\t\t\t<\/div>\n\t\t\t\t<\/div>\n\t\t\t\t<div class=\"elementor-element elementor-element-53c22ffa elementor-align-center elementor-widget elementor-widget-button\" data-id=\"53c22ffa\" data-element_type=\"widget\" data-widget_type=\"button.default\">\n\t\t\t\t<div class=\"elementor-widget-container\">\n\t\t\t\t\t<div class=\"elementor-button-wrapper\">\n\t\t\t<a class=\"elementor-button elementor-button-link elementor-size-md elementor-animation-float\" href=\"https:\/\/smbgroup.webcommunic.com\/index.php\/contacts\/\">\n\t\t\t\t\t\t<span class=\"elementor-button-content-wrapper\">\n\t\t\t\t\t\t<span class=\"elementor-button-text\">CONTACTEZ-NOUS<\/span>\n\t\t<\/span>\n\t\t\t\t\t<\/a>\n\t\t<\/div>\n\t\t\t\t<\/div>\n\t\t\t\t<\/div>\n\t\t\t\t\t\t<\/div>\n\t\t\t\t\t<\/div>\n\t\t<\/div>\n\t\t\t\t\t\t\t\t<\/div>\n\t\t\t\t\t<\/div>\n\t\t<\/section>\n\t\t\t\t\t\t\t\t\t<\/div>\n\t\t\t<\/div>\n\t\t\t\t\t<\/div>\n\t\t","protected":false},"excerpt":{"rendered":"<p>infog\u00e9rance Chez SMB IT nous maintenons votre infrastructure informatique. La gestion de l\u2019informatique est un v\u00e9ritable d\u00e9fi pour une soci\u00e9t\u00e9, c\u2019est pourquoi chez SMB IT&hellip;<\/p>\n","protected":false},"author":1,"featured_media":0,"parent":5,"menu_order":0,"comment_status":"closed","ping_status":"closed","template":"","meta":[],"yoast_head":"<!-- This site is optimized with the Yoast SEO plugin v20.9 - https:\/\/yoast.com\/wordpress\/plugins\/seo\/ -->\n<title>Infog\u00e9rance - SMB Group<\/title>\n<meta name=\"robots\" content=\"index, follow, max-snippet:-1, max-image-preview:large, max-video-preview:-1\" \/>\n<link rel=\"canonical\" href=\"https:\/\/smbgroup.webcommunic.com\/index.php\/hardware\/infogerance\/\" \/>\n<meta property=\"og:locale\" content=\"fr_FR\" \/>\n<meta property=\"og:type\" content=\"article\" \/>\n<meta property=\"og:title\" content=\"Infog\u00e9rance - SMB Group\" \/>\n<meta property=\"og:description\" content=\"infog\u00e9rance Chez SMB IT nous maintenons votre infrastructure informatique. La gestion de l\u2019informatique est un v\u00e9ritable d\u00e9fi pour une soci\u00e9t\u00e9, c\u2019est pourquoi chez SMB IT&hellip;\" \/>\n<meta property=\"og:url\" content=\"https:\/\/smbgroup.webcommunic.com\/index.php\/hardware\/infogerance\/\" \/>\n<meta property=\"og:site_name\" content=\"SMB Group\" \/>\n<meta property=\"article:publisher\" content=\"https:\/\/www.facebook.com\/smbgroup.be\" \/>\n<meta property=\"article:modified_time\" content=\"2023-06-18T16:17:14+00:00\" \/>\n<meta property=\"og:image\" content=\"https:\/\/smbgroup.webcommunic.com\/wp-content\/uploads\/2023\/05\/outsourcing.png\" \/>\n<meta name=\"twitter:card\" content=\"summary_large_image\" \/>\n<meta name=\"twitter:site\" content=\"@smbgroup_\" \/>\n<meta name=\"twitter:label1\" content=\"Dur\u00e9e de lecture estim\u00e9e\" \/>\n\t<meta name=\"twitter:data1\" content=\"2 minutes\" \/>\n<script type=\"application\/ld+json\" class=\"yoast-schema-graph\">{\"@context\":\"https:\/\/schema.org\",\"@graph\":[{\"@type\":\"WebPage\",\"@id\":\"https:\/\/smbgroup.webcommunic.com\/index.php\/hardware\/infogerance\/\",\"url\":\"https:\/\/smbgroup.webcommunic.com\/index.php\/hardware\/infogerance\/\",\"name\":\"Infog\u00e9rance - SMB Group\",\"isPartOf\":{\"@id\":\"https:\/\/smbgroup.webcommunic.com\/#website\"},\"datePublished\":\"2018-12-21T10:17:22+00:00\",\"dateModified\":\"2023-06-18T16:17:14+00:00\",\"breadcrumb\":{\"@id\":\"https:\/\/smbgroup.webcommunic.com\/index.php\/hardware\/infogerance\/#breadcrumb\"},\"inLanguage\":\"fr-FR\",\"potentialAction\":[{\"@type\":\"ReadAction\",\"target\":[\"https:\/\/smbgroup.webcommunic.com\/index.php\/hardware\/infogerance\/\"]}]},{\"@type\":\"BreadcrumbList\",\"@id\":\"https:\/\/smbgroup.webcommunic.com\/index.php\/hardware\/infogerance\/#breadcrumb\",\"itemListElement\":[{\"@type\":\"ListItem\",\"position\":1,\"name\":\"Accueil\",\"item\":\"https:\/\/smbgroup.webcommunic.com\/\"},{\"@type\":\"ListItem\",\"position\":2,\"name\":\"Hardware\",\"item\":\"https:\/\/smbgroup.webcommunic.com\/index.php\/hardware\/\"},{\"@type\":\"ListItem\",\"position\":3,\"name\":\"Infog\u00e9rance\"}]},{\"@type\":\"WebSite\",\"@id\":\"https:\/\/smbgroup.webcommunic.com\/#website\",\"url\":\"https:\/\/smbgroup.webcommunic.com\/\",\"name\":\"SMB Group\",\"description\":\"Hardware &amp; Software Solutions\",\"publisher\":{\"@id\":\"https:\/\/smbgroup.webcommunic.com\/#organization\"},\"potentialAction\":[{\"@type\":\"SearchAction\",\"target\":{\"@type\":\"EntryPoint\",\"urlTemplate\":\"https:\/\/smbgroup.webcommunic.com\/?s={search_term_string}\"},\"query-input\":\"required name=search_term_string\"}],\"inLanguage\":\"fr-FR\"},{\"@type\":\"Organization\",\"@id\":\"https:\/\/smbgroup.webcommunic.com\/#organization\",\"name\":\"SMB Group\",\"url\":\"https:\/\/smbgroup.webcommunic.com\/\",\"logo\":{\"@type\":\"ImageObject\",\"inLanguage\":\"fr-FR\",\"@id\":\"https:\/\/smbgroup.webcommunic.com\/#\/schema\/logo\/image\/\",\"url\":\"https:\/\/www.smbgroup.be\/wp-content\/uploads\/2019\/04\/logo-smb_high2-e1555669251801.png\",\"contentUrl\":\"https:\/\/www.smbgroup.be\/wp-content\/uploads\/2019\/04\/logo-smb_high2-e1555669251801.png\",\"width\":200,\"height\":239,\"caption\":\"SMB Group\"},\"image\":{\"@id\":\"https:\/\/smbgroup.webcommunic.com\/#\/schema\/logo\/image\/\"},\"sameAs\":[\"https:\/\/www.facebook.com\/smbgroup.be\",\"https:\/\/twitter.com\/smbgroup_\",\"https:\/\/www.linkedin.com\/company\/smb-it-management-solutions---belgique-s-a\/\",\"https:\/\/www.youtube.com\/channel\/UCGSg8O2NrzqXyxt795vK6GA?view_as=subscriber\"]}]}<\/script>\n<!-- \/ Yoast SEO plugin. -->","yoast_head_json":{"title":"Infog\u00e9rance - SMB Group","robots":{"index":"index","follow":"follow","max-snippet":"max-snippet:-1","max-image-preview":"max-image-preview:large","max-video-preview":"max-video-preview:-1"},"canonical":"https:\/\/smbgroup.webcommunic.com\/index.php\/hardware\/infogerance\/","og_locale":"fr_FR","og_type":"article","og_title":"Infog\u00e9rance - SMB Group","og_description":"infog\u00e9rance Chez SMB IT nous maintenons votre infrastructure informatique. La gestion de l\u2019informatique est un v\u00e9ritable d\u00e9fi pour une soci\u00e9t\u00e9, c\u2019est pourquoi chez SMB IT&hellip;","og_url":"https:\/\/smbgroup.webcommunic.com\/index.php\/hardware\/infogerance\/","og_site_name":"SMB Group","article_publisher":"https:\/\/www.facebook.com\/smbgroup.be","article_modified_time":"2023-06-18T16:17:14+00:00","og_image":[{"url":"https:\/\/smbgroup.webcommunic.com\/wp-content\/uploads\/2023\/05\/outsourcing.png"}],"twitter_card":"summary_large_image","twitter_site":"@smbgroup_","twitter_misc":{"Dur\u00e9e de lecture estim\u00e9e":"2 minutes"},"schema":{"@context":"https:\/\/schema.org","@graph":[{"@type":"WebPage","@id":"https:\/\/smbgroup.webcommunic.com\/index.php\/hardware\/infogerance\/","url":"https:\/\/smbgroup.webcommunic.com\/index.php\/hardware\/infogerance\/","name":"Infog\u00e9rance - SMB Group","isPartOf":{"@id":"https:\/\/smbgroup.webcommunic.com\/#website"},"datePublished":"2018-12-21T10:17:22+00:00","dateModified":"2023-06-18T16:17:14+00:00","breadcrumb":{"@id":"https:\/\/smbgroup.webcommunic.com\/index.php\/hardware\/infogerance\/#breadcrumb"},"inLanguage":"fr-FR","potentialAction":[{"@type":"ReadAction","target":["https:\/\/smbgroup.webcommunic.com\/index.php\/hardware\/infogerance\/"]}]},{"@type":"BreadcrumbList","@id":"https:\/\/smbgroup.webcommunic.com\/index.php\/hardware\/infogerance\/#breadcrumb","itemListElement":[{"@type":"ListItem","position":1,"name":"Accueil","item":"https:\/\/smbgroup.webcommunic.com\/"},{"@type":"ListItem","position":2,"name":"Hardware","item":"https:\/\/smbgroup.webcommunic.com\/index.php\/hardware\/"},{"@type":"ListItem","position":3,"name":"Infog\u00e9rance"}]},{"@type":"WebSite","@id":"https:\/\/smbgroup.webcommunic.com\/#website","url":"https:\/\/smbgroup.webcommunic.com\/","name":"SMB Group","description":"Hardware &amp; Software Solutions","publisher":{"@id":"https:\/\/smbgroup.webcommunic.com\/#organization"},"potentialAction":[{"@type":"SearchAction","target":{"@type":"EntryPoint","urlTemplate":"https:\/\/smbgroup.webcommunic.com\/?s={search_term_string}"},"query-input":"required name=search_term_string"}],"inLanguage":"fr-FR"},{"@type":"Organization","@id":"https:\/\/smbgroup.webcommunic.com\/#organization","name":"SMB Group","url":"https:\/\/smbgroup.webcommunic.com\/","logo":{"@type":"ImageObject","inLanguage":"fr-FR","@id":"https:\/\/smbgroup.webcommunic.com\/#\/schema\/logo\/image\/","url":"https:\/\/www.smbgroup.be\/wp-content\/uploads\/2019\/04\/logo-smb_high2-e1555669251801.png","contentUrl":"https:\/\/www.smbgroup.be\/wp-content\/uploads\/2019\/04\/logo-smb_high2-e1555669251801.png","width":200,"height":239,"caption":"SMB Group"},"image":{"@id":"https:\/\/smbgroup.webcommunic.com\/#\/schema\/logo\/image\/"},"sameAs":["https:\/\/www.facebook.com\/smbgroup.be","https:\/\/twitter.com\/smbgroup_","https:\/\/www.linkedin.com\/company\/smb-it-management-solutions---belgique-s-a\/","https:\/\/www.youtube.com\/channel\/UCGSg8O2NrzqXyxt795vK6GA?view_as=subscriber"]}]}},"_links":{"self":[{"href":"https:\/\/smbgroup.webcommunic.com\/index.php\/wp-json\/wp\/v2\/pages\/70"}],"collection":[{"href":"https:\/\/smbgroup.webcommunic.com\/index.php\/wp-json\/wp\/v2\/pages"}],"about":[{"href":"https:\/\/smbgroup.webcommunic.com\/index.php\/wp-json\/wp\/v2\/types\/page"}],"author":[{"embeddable":true,"href":"https:\/\/smbgroup.webcommunic.com\/index.php\/wp-json\/wp\/v2\/users\/1"}],"replies":[{"embeddable":true,"href":"https:\/\/smbgroup.webcommunic.com\/index.php\/wp-json\/wp\/v2\/comments?post=70"}],"version-history":[{"count":152,"href":"https:\/\/smbgroup.webcommunic.com\/index.php\/wp-json\/wp\/v2\/pages\/70\/revisions"}],"predecessor-version":[{"id":10437,"href":"https:\/\/smbgroup.webcommunic.com\/index.php\/wp-json\/wp\/v2\/pages\/70\/revisions\/10437"}],"up":[{"embeddable":true,"href":"https:\/\/smbgroup.webcommunic.com\/index.php\/wp-json\/wp\/v2\/pages\/5"}],"wp:attachment":[{"href":"https:\/\/smbgroup.webcommunic.com\/index.php\/wp-json\/wp\/v2\/media?parent=70"}],"curies":[{"name":"wp","href":"https:\/\/api.w.org\/{rel}","templated":true}]}}