{"id":2415,"date":"2019-03-13T12:34:49","date_gmt":"2019-03-13T11:34:49","guid":{"rendered":"https:\/\/www.smbgroup.be\/?page_id=2415"},"modified":"2023-06-20T13:10:28","modified_gmt":"2023-06-20T11:10:28","slug":"ebp","status":"publish","type":"page","link":"https:\/\/smbgroup.webcommunic.com\/index.php\/logiciels\/comptabilite-gestion-commerciale\/ebp\/","title":{"rendered":"EBP"},"content":{"rendered":"\t\t<div data-elementor-type=\"wp-post\" data-elementor-id=\"2415\" class=\"elementor elementor-2415\">\n\t\t\t\t\t\t<div class=\"elementor-inner\">\n\t\t\t\t<div class=\"elementor-section-wrap\">\n\t\t\t\t\t\t\t\t\t<section class=\"elementor-section elementor-top-section elementor-element elementor-element-3ed3dbb elementor-section-full_width elementor-section-height-min-height elementor-section-content-middle elementor-section-stretched elementor-section-height-default elementor-section-items-middle\" data-id=\"3ed3dbb\" data-element_type=\"section\" data-settings=\"{&quot;background_background&quot;:&quot;classic&quot;,&quot;stretch_section&quot;:&quot;section-stretched&quot;}\">\n\t\t\t\t\t\t\t<div class=\"elementor-background-overlay\"><\/div>\n\t\t\t\t\t\t\t<div class=\"elementor-container elementor-column-gap-default\">\n\t\t\t\t\t\t\t<div class=\"elementor-row\">\n\t\t\t\t\t<div class=\"elementor-column elementor-col-100 elementor-top-column elementor-element elementor-element-0b3605c\" data-id=\"0b3605c\" data-element_type=\"column\">\n\t\t\t<div class=\"elementor-column-wrap elementor-element-populated\">\n\t\t\t\t\t\t\t<div class=\"elementor-widget-wrap\">\n\t\t\t\t\t\t<div class=\"elementor-element elementor-element-5f441ad elementor-widget elementor-widget-heading\" data-id=\"5f441ad\" data-element_type=\"widget\" data-widget_type=\"heading.default\">\n\t\t\t\t<div class=\"elementor-widget-container\">\n\t\t\t<h1 class=\"elementor-heading-title elementor-size-large\">EBP<\/h1>\t\t<\/div>\n\t\t\t\t<\/div>\n\t\t\t\t<div class=\"elementor-element elementor-element-af93d56 elementor-widget elementor-widget-heading\" data-id=\"af93d56\" data-element_type=\"widget\" data-widget_type=\"heading.default\">\n\t\t\t\t<div class=\"elementor-widget-container\">\n\t\t\t<h2 class=\"elementor-heading-title elementor-size-large\">Logiciels de gestion<\/h2>\t\t<\/div>\n\t\t\t\t<\/div>\n\t\t\t\t\t\t<\/div>\n\t\t\t\t\t<\/div>\n\t\t<\/div>\n\t\t\t\t\t\t\t\t<\/div>\n\t\t\t\t\t<\/div>\n\t\t<\/section>\n\t\t\t\t<section class=\"elementor-section elementor-top-section elementor-element elementor-element-efa765e elementor-section-full_width elementor-section-height-default elementor-section-height-default\" data-id=\"efa765e\" data-element_type=\"section\">\n\t\t\t\t\t\t<div class=\"elementor-container elementor-column-gap-default\">\n\t\t\t\t\t\t\t<div class=\"elementor-row\">\n\t\t\t\t\t<div class=\"elementor-column elementor-col-100 elementor-top-column elementor-element elementor-element-f3b0195 elementor-invisible\" data-id=\"f3b0195\" data-element_type=\"column\" data-settings=\"{&quot;background_background&quot;:&quot;classic&quot;,&quot;animation&quot;:&quot;fadeInLeft&quot;}\">\n\t\t\t<div class=\"elementor-column-wrap elementor-element-populated\">\n\t\t\t\t\t\t\t<div class=\"elementor-widget-wrap\">\n\t\t\t\t\t\t<div class=\"elementor-element elementor-element-94b162f elementor-widget elementor-widget-image\" data-id=\"94b162f\" data-element_type=\"widget\" data-widget_type=\"image.default\">\n\t\t\t\t<div class=\"elementor-widget-container\">\n\t\t\t\t\t\t\t\t<div class=\"elementor-image\">\n\t\t\t\t\t\t\t\t\t\t\t\t<img decoding=\"async\" width=\"768\" height=\"308\" src=\"https:\/\/smbgroup.webcommunic.com\/wp-content\/uploads\/2019\/01\/logo-EBp-e1530605088915-768x308.jpg\" class=\"attachment-medium_large size-medium_large wp-image-829\" alt=\"\" loading=\"lazy\" srcset=\"https:\/\/smbgroup.webcommunic.com\/wp-content\/uploads\/2019\/01\/logo-EBp-e1530605088915-768x308.jpg 768w, https:\/\/smbgroup.webcommunic.com\/wp-content\/uploads\/2019\/01\/logo-EBp-e1530605088915-300x120.jpg 300w, https:\/\/smbgroup.webcommunic.com\/wp-content\/uploads\/2019\/01\/logo-EBp-e1530605088915-1024x411.jpg 1024w\" sizes=\"(max-width: 768px) 100vw, 768px\" \/>\t\t\t\t\t\t\t\t\t\t\t\t\t\t<\/div>\n\t\t\t\t\t\t<\/div>\n\t\t\t\t<\/div>\n\t\t\t\t<div class=\"elementor-element elementor-element-5fea9fb elementor-widget elementor-widget-text-editor\" data-id=\"5fea9fb\" data-element_type=\"widget\" data-widget_type=\"text-editor.default\">\n\t\t\t\t<div class=\"elementor-widget-container\">\n\t\t\t\t\t\t\t\t<div class=\"elementor-text-editor elementor-clearfix\">\n\t\t\t\t<p style=\"text-align: center;\"><span style=\"color: #000000;\"><strong><span style=\"color: #db001a;\">Gestion Commerciale<\/span> &#8211; <span style=\"color: #e7a400;\">CRM <\/span>&#8211; <span style=\"color: #0069a2;\">Point de vente<\/span><br \/><\/strong><\/span><\/p>\t\t\t\t\t<\/div>\n\t\t\t\t\t\t<\/div>\n\t\t\t\t<\/div>\n\t\t\t\t<div class=\"elementor-element elementor-element-faf8619 elementor-widget elementor-widget-text-editor\" data-id=\"faf8619\" data-element_type=\"widget\" data-widget_type=\"text-editor.default\">\n\t\t\t\t<div class=\"elementor-widget-container\">\n\t\t\t\t\t\t\t\t<div class=\"elementor-text-editor elementor-clearfix\">\n\t\t\t\t<p style=\"text-align: left;\">Pour les petites structures et les PME, nous avons optez pour un partenariat avec l&rsquo;Editeur EBP.<\/p><p style=\"text-align: left;\">Une suite de solutions qui satisfera toutes personnes \u00e0 la recherche d&rsquo;un <strong>bon rapport qualit\u00e9-prix<\/strong> en\u00a0 :<\/p>\t\t\t\t\t<\/div>\n\t\t\t\t\t\t<\/div>\n\t\t\t\t<\/div>\n\t\t\t\t<div class=\"elementor-element elementor-element-9bad959 elementor-widget elementor-widget-eael-adv-accordion\" data-id=\"9bad959\" data-element_type=\"widget\" data-widget_type=\"eael-adv-accordion.default\">\n\t\t\t\t<div class=\"elementor-widget-container\">\n\t\t\t        <div class=\"eael-adv-accordion\" id=\"eael-adv-accordion-9bad959\" data-accordion-id=\"9bad959\" data-accordion-type=\"accordion\" data-toogle-speed=\"300\">\n    <div class=\"eael-accordion-list\">\n                <div id=\"gestion-commerciale\" class=\"elementor-tab-title eael-accordion-header\" tabindex=\"1631\" data-tab=\"1\" aria-controls=\"elementor-tab-content-1631\"><span class=\"eael-advanced-accordion-icon-closed\"><i aria-hidden=\"true\" class=\"fa-accordion-icon fas fa-plus\"><\/i><\/span><span class=\"eael-advanced-accordion-icon-opened\"><i aria-hidden=\"true\" class=\"fa-accordion-icon fas fa-minus\"><\/i><\/span><span class=\"eael-accordion-tab-title\">Gestion Commerciale<\/span><\/div><div id=\"elementor-tab-content-1631\" class=\"eael-accordion-content clearfix\" data-tab=\"1\" aria-labelledby=\"gestion-commerciale\"><p><div class=\"elementor-icon-box-wrapper\"><div class=\"elementor-icon-box-content\"><ul><li>Gestion des ventes, des achats et des stocks<\/li><li>Facturation p\u00e9riodique<\/li><li>Planning<\/li><li>R\u00e9servation de stocks (Ligne PME)<\/li><li>Gestion des affaires, Maintenance\/SAV, N\u00b0 de s\u00e9rie\/Lot<\/li><\/ul><\/div><\/div><\/p><\/div>\n                <\/div><div class=\"eael-accordion-list\">\n                <div id=\"crm\" class=\"elementor-tab-title eael-accordion-header\" tabindex=\"1632\" data-tab=\"2\" aria-controls=\"elementor-tab-content-1632\"><span class=\"eael-advanced-accordion-icon-closed\"><i aria-hidden=\"true\" class=\"fa-accordion-icon fas fa-plus\"><\/i><\/span><span class=\"eael-advanced-accordion-icon-opened\"><i aria-hidden=\"true\" class=\"fa-accordion-icon fas fa-minus\"><\/i><\/span><span class=\"eael-accordion-tab-title\">CRM<\/span><\/div><div id=\"elementor-tab-content-1632\" class=\"eael-accordion-content clearfix\" data-tab=\"2\" aria-labelledby=\"crm\"><p><ul><li>Recueil d\u2019informations clients\/prospects<\/li><li>Gestion d\u2019agenda par collaborateur<\/li><li>Actions marketing cibl\u00e9es<\/li><li>Graphique des opportunit\u00e9s par collaborateur (Ligne PME)<\/li><li>Cr\u00e9ation d'activit\u00e9 avec crit\u00e8re de diffusion (Ligne PME)<\/li><\/ul><\/p><\/div>\n                <\/div><div class=\"eael-accordion-list\">\n                <div id=\"point-de-vente\" class=\"elementor-tab-title eael-accordion-header\" tabindex=\"1633\" data-tab=\"3\" aria-controls=\"elementor-tab-content-1633\"><span class=\"eael-advanced-accordion-icon-closed\"><i aria-hidden=\"true\" class=\"fa-accordion-icon fas fa-plus\"><\/i><\/span><span class=\"eael-advanced-accordion-icon-opened\"><i aria-hidden=\"true\" class=\"fa-accordion-icon fas fa-minus\"><\/i><\/span><span class=\"eael-accordion-tab-title\">Point de vente<\/span><\/div><div id=\"elementor-tab-content-1633\" class=\"eael-accordion-content clearfix\" data-tab=\"3\" aria-labelledby=\"point-de-vente\"><p><ul><li>Personnalisation de l'\u00e9cran de vente<\/li><li>Gestion des ventes et des achats<\/li><li>Fid\u00e9lit\u00e9 clients<\/li><li>Analyse d\u00e9taill\u00e9e de l\u2019activit\u00e9<\/li><li>Pilotage des stocks en multi-d\u00e9p\u00f4ts<\/li><\/ul><\/p><\/div>\n                <\/div><\/div>\t\t<\/div>\n\t\t\t\t<\/div>\n\t\t\t\t\t\t<\/div>\n\t\t\t\t\t<\/div>\n\t\t<\/div>\n\t\t\t\t\t\t\t\t<\/div>\n\t\t\t\t\t<\/div>\n\t\t<\/section>\n\t\t\t\t<section class=\"elementor-section elementor-top-section elementor-element elementor-element-08fd6e5 elementor-section-content-middle elementor-section-full_width elementor-section-stretched elementor-section-height-default elementor-section-height-default\" data-id=\"08fd6e5\" data-element_type=\"section\" data-settings=\"{&quot;background_background&quot;:&quot;classic&quot;,&quot;stretch_section&quot;:&quot;section-stretched&quot;}\">\n\t\t\t\t\t\t<div class=\"elementor-container elementor-column-gap-no\">\n\t\t\t\t\t\t\t<div class=\"elementor-row\">\n\t\t\t\t\t<div class=\"elementor-column elementor-col-100 elementor-top-column elementor-element elementor-element-3d51a77\" data-id=\"3d51a77\" data-element_type=\"column\">\n\t\t\t<div class=\"elementor-column-wrap elementor-element-populated\">\n\t\t\t\t\t\t\t<div class=\"elementor-widget-wrap\">\n\t\t\t\t\t\t<div class=\"elementor-element elementor-element-2d85503 elementor-widget elementor-widget-text-editor\" data-id=\"2d85503\" data-element_type=\"widget\" data-widget_type=\"text-editor.default\">\n\t\t\t\t<div class=\"elementor-widget-container\">\n\t\t\t\t\t\t\t\t<div class=\"elementor-text-editor elementor-clearfix\">\n\t\t\t\t<p style=\"text-align: center;\">Concr\u00e9tisez vos projets et b\u00e9n\u00e9ficiez de notre expertise personnalis\u00e9e<\/p>\t\t\t\t\t<\/div>\n\t\t\t\t\t\t<\/div>\n\t\t\t\t<\/div>\n\t\t\t\t<div class=\"elementor-element elementor-element-283dfc7 elementor-align-center elementor-widget elementor-widget-button\" data-id=\"283dfc7\" data-element_type=\"widget\" data-widget_type=\"button.default\">\n\t\t\t\t<div class=\"elementor-widget-container\">\n\t\t\t\t\t<div class=\"elementor-button-wrapper\">\n\t\t\t<a class=\"elementor-button elementor-button-link elementor-size-xl elementor-animation-float\" href=\"https:\/\/smbgroup.webcommunic.com\/index.php\/contacts\/\">\n\t\t\t\t\t\t<span class=\"elementor-button-content-wrapper\">\n\t\t\t\t\t\t<span class=\"elementor-button-text\">CONTACTEZ-NOUS<\/span>\n\t\t<\/span>\n\t\t\t\t\t<\/a>\n\t\t<\/div>\n\t\t\t\t<\/div>\n\t\t\t\t<\/div>\n\t\t\t\t\t\t<\/div>\n\t\t\t\t\t<\/div>\n\t\t<\/div>\n\t\t\t\t\t\t\t\t<\/div>\n\t\t\t\t\t<\/div>\n\t\t<\/section>\n\t\t\t\t\t\t\t\t\t<\/div>\n\t\t\t<\/div>\n\t\t\t\t\t<\/div>\n\t\t","protected":false},"excerpt":{"rendered":"<p>EBP Logiciels de gestion Gestion Commerciale &#8211; CRM &#8211; Point de vente Pour les petites structures et les PME, nous avons optez pour un partenariat&hellip;<\/p>\n","protected":false},"author":1,"featured_media":0,"parent":732,"menu_order":0,"comment_status":"closed","ping_status":"closed","template":"","meta":[],"yoast_head":"<!-- This site is optimized with the Yoast SEO plugin v20.9 - https:\/\/yoast.com\/wordpress\/plugins\/seo\/ -->\n<title>EBP - SMB Group<\/title>\n<meta name=\"robots\" content=\"index, follow, max-snippet:-1, max-image-preview:large, max-video-preview:-1\" \/>\n<link rel=\"canonical\" href=\"https:\/\/smbgroup.webcommunic.com\/index.php\/logiciels\/comptabilite-gestion-commerciale\/ebp\/\" \/>\n<meta property=\"og:locale\" content=\"fr_FR\" \/>\n<meta property=\"og:type\" content=\"article\" \/>\n<meta property=\"og:title\" content=\"EBP - SMB Group\" \/>\n<meta property=\"og:description\" content=\"EBP Logiciels de gestion Gestion Commerciale &#8211; CRM &#8211; Point de vente Pour les petites structures et les PME, nous avons optez pour un partenariat&hellip;\" \/>\n<meta property=\"og:url\" content=\"https:\/\/smbgroup.webcommunic.com\/index.php\/logiciels\/comptabilite-gestion-commerciale\/ebp\/\" \/>\n<meta property=\"og:site_name\" content=\"SMB Group\" \/>\n<meta property=\"article:publisher\" content=\"https:\/\/www.facebook.com\/smbgroup.be\" \/>\n<meta property=\"article:modified_time\" content=\"2023-06-20T11:10:28+00:00\" \/>\n<meta property=\"og:image\" content=\"https:\/\/smbgroup.webcommunic.com\/wp-content\/uploads\/2019\/01\/logo-EBp-e1530605088915-768x308.jpg\" \/>\n<meta name=\"twitter:card\" content=\"summary_large_image\" \/>\n<meta name=\"twitter:site\" content=\"@smbgroup_\" \/>\n<meta name=\"twitter:label1\" content=\"Dur\u00e9e de lecture estim\u00e9e\" \/>\n\t<meta name=\"twitter:data1\" content=\"1 minute\" \/>\n<script type=\"application\/ld+json\" class=\"yoast-schema-graph\">{\"@context\":\"https:\/\/schema.org\",\"@graph\":[{\"@type\":\"WebPage\",\"@id\":\"https:\/\/smbgroup.webcommunic.com\/index.php\/logiciels\/comptabilite-gestion-commerciale\/ebp\/\",\"url\":\"https:\/\/smbgroup.webcommunic.com\/index.php\/logiciels\/comptabilite-gestion-commerciale\/ebp\/\",\"name\":\"EBP - SMB Group\",\"isPartOf\":{\"@id\":\"https:\/\/smbgroup.webcommunic.com\/#website\"},\"datePublished\":\"2019-03-13T11:34:49+00:00\",\"dateModified\":\"2023-06-20T11:10:28+00:00\",\"breadcrumb\":{\"@id\":\"https:\/\/smbgroup.webcommunic.com\/index.php\/logiciels\/comptabilite-gestion-commerciale\/ebp\/#breadcrumb\"},\"inLanguage\":\"fr-FR\",\"potentialAction\":[{\"@type\":\"ReadAction\",\"target\":[\"https:\/\/smbgroup.webcommunic.com\/index.php\/logiciels\/comptabilite-gestion-commerciale\/ebp\/\"]}]},{\"@type\":\"BreadcrumbList\",\"@id\":\"https:\/\/smbgroup.webcommunic.com\/index.php\/logiciels\/comptabilite-gestion-commerciale\/ebp\/#breadcrumb\",\"itemListElement\":[{\"@type\":\"ListItem\",\"position\":1,\"name\":\"Accueil\",\"item\":\"https:\/\/smbgroup.webcommunic.com\/\"},{\"@type\":\"ListItem\",\"position\":2,\"name\":\"Logiciels\",\"item\":\"https:\/\/smbgroup.webcommunic.com\/index.php\/logiciels\/\"},{\"@type\":\"ListItem\",\"position\":3,\"name\":\"Comptabilit\u00e9 &#8211; Gestion commerciale\",\"item\":\"https:\/\/smbgroup.webcommunic.com\/index.php\/logiciels\/comptabilite-gestion-commerciale\/\"},{\"@type\":\"ListItem\",\"position\":4,\"name\":\"EBP\"}]},{\"@type\":\"WebSite\",\"@id\":\"https:\/\/smbgroup.webcommunic.com\/#website\",\"url\":\"https:\/\/smbgroup.webcommunic.com\/\",\"name\":\"SMB Group\",\"description\":\"Hardware &amp; Software Solutions\",\"publisher\":{\"@id\":\"https:\/\/smbgroup.webcommunic.com\/#organization\"},\"potentialAction\":[{\"@type\":\"SearchAction\",\"target\":{\"@type\":\"EntryPoint\",\"urlTemplate\":\"https:\/\/smbgroup.webcommunic.com\/?s={search_term_string}\"},\"query-input\":\"required name=search_term_string\"}],\"inLanguage\":\"fr-FR\"},{\"@type\":\"Organization\",\"@id\":\"https:\/\/smbgroup.webcommunic.com\/#organization\",\"name\":\"SMB Group\",\"url\":\"https:\/\/smbgroup.webcommunic.com\/\",\"logo\":{\"@type\":\"ImageObject\",\"inLanguage\":\"fr-FR\",\"@id\":\"https:\/\/smbgroup.webcommunic.com\/#\/schema\/logo\/image\/\",\"url\":\"https:\/\/www.smbgroup.be\/wp-content\/uploads\/2019\/04\/logo-smb_high2-e1555669251801.png\",\"contentUrl\":\"https:\/\/www.smbgroup.be\/wp-content\/uploads\/2019\/04\/logo-smb_high2-e1555669251801.png\",\"width\":200,\"height\":239,\"caption\":\"SMB Group\"},\"image\":{\"@id\":\"https:\/\/smbgroup.webcommunic.com\/#\/schema\/logo\/image\/\"},\"sameAs\":[\"https:\/\/www.facebook.com\/smbgroup.be\",\"https:\/\/twitter.com\/smbgroup_\",\"https:\/\/www.linkedin.com\/company\/smb-it-management-solutions---belgique-s-a\/\",\"https:\/\/www.youtube.com\/channel\/UCGSg8O2NrzqXyxt795vK6GA?view_as=subscriber\"]}]}<\/script>\n<!-- \/ Yoast SEO plugin. -->","yoast_head_json":{"title":"EBP - SMB Group","robots":{"index":"index","follow":"follow","max-snippet":"max-snippet:-1","max-image-preview":"max-image-preview:large","max-video-preview":"max-video-preview:-1"},"canonical":"https:\/\/smbgroup.webcommunic.com\/index.php\/logiciels\/comptabilite-gestion-commerciale\/ebp\/","og_locale":"fr_FR","og_type":"article","og_title":"EBP - SMB Group","og_description":"EBP Logiciels de gestion Gestion Commerciale &#8211; CRM &#8211; Point de vente Pour les petites structures et les PME, nous avons optez pour un partenariat&hellip;","og_url":"https:\/\/smbgroup.webcommunic.com\/index.php\/logiciels\/comptabilite-gestion-commerciale\/ebp\/","og_site_name":"SMB Group","article_publisher":"https:\/\/www.facebook.com\/smbgroup.be","article_modified_time":"2023-06-20T11:10:28+00:00","og_image":[{"url":"https:\/\/smbgroup.webcommunic.com\/wp-content\/uploads\/2019\/01\/logo-EBp-e1530605088915-768x308.jpg"}],"twitter_card":"summary_large_image","twitter_site":"@smbgroup_","twitter_misc":{"Dur\u00e9e de lecture estim\u00e9e":"1 minute"},"schema":{"@context":"https:\/\/schema.org","@graph":[{"@type":"WebPage","@id":"https:\/\/smbgroup.webcommunic.com\/index.php\/logiciels\/comptabilite-gestion-commerciale\/ebp\/","url":"https:\/\/smbgroup.webcommunic.com\/index.php\/logiciels\/comptabilite-gestion-commerciale\/ebp\/","name":"EBP - SMB Group","isPartOf":{"@id":"https:\/\/smbgroup.webcommunic.com\/#website"},"datePublished":"2019-03-13T11:34:49+00:00","dateModified":"2023-06-20T11:10:28+00:00","breadcrumb":{"@id":"https:\/\/smbgroup.webcommunic.com\/index.php\/logiciels\/comptabilite-gestion-commerciale\/ebp\/#breadcrumb"},"inLanguage":"fr-FR","potentialAction":[{"@type":"ReadAction","target":["https:\/\/smbgroup.webcommunic.com\/index.php\/logiciels\/comptabilite-gestion-commerciale\/ebp\/"]}]},{"@type":"BreadcrumbList","@id":"https:\/\/smbgroup.webcommunic.com\/index.php\/logiciels\/comptabilite-gestion-commerciale\/ebp\/#breadcrumb","itemListElement":[{"@type":"ListItem","position":1,"name":"Accueil","item":"https:\/\/smbgroup.webcommunic.com\/"},{"@type":"ListItem","position":2,"name":"Logiciels","item":"https:\/\/smbgroup.webcommunic.com\/index.php\/logiciels\/"},{"@type":"ListItem","position":3,"name":"Comptabilit\u00e9 &#8211; Gestion commerciale","item":"https:\/\/smbgroup.webcommunic.com\/index.php\/logiciels\/comptabilite-gestion-commerciale\/"},{"@type":"ListItem","position":4,"name":"EBP"}]},{"@type":"WebSite","@id":"https:\/\/smbgroup.webcommunic.com\/#website","url":"https:\/\/smbgroup.webcommunic.com\/","name":"SMB Group","description":"Hardware &amp; Software Solutions","publisher":{"@id":"https:\/\/smbgroup.webcommunic.com\/#organization"},"potentialAction":[{"@type":"SearchAction","target":{"@type":"EntryPoint","urlTemplate":"https:\/\/smbgroup.webcommunic.com\/?s={search_term_string}"},"query-input":"required name=search_term_string"}],"inLanguage":"fr-FR"},{"@type":"Organization","@id":"https:\/\/smbgroup.webcommunic.com\/#organization","name":"SMB Group","url":"https:\/\/smbgroup.webcommunic.com\/","logo":{"@type":"ImageObject","inLanguage":"fr-FR","@id":"https:\/\/smbgroup.webcommunic.com\/#\/schema\/logo\/image\/","url":"https:\/\/www.smbgroup.be\/wp-content\/uploads\/2019\/04\/logo-smb_high2-e1555669251801.png","contentUrl":"https:\/\/www.smbgroup.be\/wp-content\/uploads\/2019\/04\/logo-smb_high2-e1555669251801.png","width":200,"height":239,"caption":"SMB Group"},"image":{"@id":"https:\/\/smbgroup.webcommunic.com\/#\/schema\/logo\/image\/"},"sameAs":["https:\/\/www.facebook.com\/smbgroup.be","https:\/\/twitter.com\/smbgroup_","https:\/\/www.linkedin.com\/company\/smb-it-management-solutions---belgique-s-a\/","https:\/\/www.youtube.com\/channel\/UCGSg8O2NrzqXyxt795vK6GA?view_as=subscriber"]}]}},"_links":{"self":[{"href":"https:\/\/smbgroup.webcommunic.com\/index.php\/wp-json\/wp\/v2\/pages\/2415"}],"collection":[{"href":"https:\/\/smbgroup.webcommunic.com\/index.php\/wp-json\/wp\/v2\/pages"}],"about":[{"href":"https:\/\/smbgroup.webcommunic.com\/index.php\/wp-json\/wp\/v2\/types\/page"}],"author":[{"embeddable":true,"href":"https:\/\/smbgroup.webcommunic.com\/index.php\/wp-json\/wp\/v2\/users\/1"}],"replies":[{"embeddable":true,"href":"https:\/\/smbgroup.webcommunic.com\/index.php\/wp-json\/wp\/v2\/comments?post=2415"}],"version-history":[{"count":154,"href":"https:\/\/smbgroup.webcommunic.com\/index.php\/wp-json\/wp\/v2\/pages\/2415\/revisions"}],"predecessor-version":[{"id":10669,"href":"https:\/\/smbgroup.webcommunic.com\/index.php\/wp-json\/wp\/v2\/pages\/2415\/revisions\/10669"}],"up":[{"embeddable":true,"href":"https:\/\/smbgroup.webcommunic.com\/index.php\/wp-json\/wp\/v2\/pages\/732"}],"wp:attachment":[{"href":"https:\/\/smbgroup.webcommunic.com\/index.php\/wp-json\/wp\/v2\/media?parent=2415"}],"curies":[{"name":"wp","href":"https:\/\/api.w.org\/{rel}","templated":true}]}}