{"id":2364,"date":"2019-03-12T16:59:55","date_gmt":"2019-03-12T15:59:55","guid":{"rendered":"https:\/\/www.smbgroup.be\/?page_id=2364"},"modified":"2023-06-18T18:47:15","modified_gmt":"2023-06-18T16:47:15","slug":"about","status":"publish","type":"page","link":"https:\/\/smbgroup.webcommunic.com\/index.php\/about\/","title":{"rendered":"\u00c0 propos"},"content":{"rendered":"\t\t<div data-elementor-type=\"wp-post\" data-elementor-id=\"2364\" class=\"elementor elementor-2364\">\n\t\t\t\t\t\t<div class=\"elementor-inner\">\n\t\t\t\t<div class=\"elementor-section-wrap\">\n\t\t\t\t\t\t\t\t\t<section class=\"elementor-section elementor-top-section elementor-element elementor-element-9fdbb8e elementor-section-full_width elementor-section-height-min-height elementor-section-content-middle elementor-section-stretched elementor-section-height-default elementor-section-items-middle\" data-id=\"9fdbb8e\" data-element_type=\"section\" data-settings=\"{&quot;background_background&quot;:&quot;classic&quot;,&quot;stretch_section&quot;:&quot;section-stretched&quot;}\">\n\t\t\t\t\t\t\t<div class=\"elementor-background-overlay\"><\/div>\n\t\t\t\t\t\t\t<div class=\"elementor-container elementor-column-gap-default\">\n\t\t\t\t\t\t\t<div class=\"elementor-row\">\n\t\t\t\t\t<div class=\"elementor-column elementor-col-100 elementor-top-column elementor-element elementor-element-0b1d456\" data-id=\"0b1d456\" data-element_type=\"column\">\n\t\t\t<div class=\"elementor-column-wrap elementor-element-populated\">\n\t\t\t\t\t\t\t<div class=\"elementor-widget-wrap\">\n\t\t\t\t\t\t<div class=\"elementor-element elementor-element-3841d35 elementor-widget elementor-widget-heading\" data-id=\"3841d35\" data-element_type=\"widget\" data-widget_type=\"heading.default\">\n\t\t\t\t<div class=\"elementor-widget-container\">\n\t\t\t<h1 class=\"elementor-heading-title elementor-size-large\">historique<\/h1>\t\t<\/div>\n\t\t\t\t<\/div>\n\t\t\t\t<div class=\"elementor-element elementor-element-d43329c elementor-widget elementor-widget-heading\" data-id=\"d43329c\" data-element_type=\"widget\" data-widget_type=\"heading.default\">\n\t\t\t\t<div class=\"elementor-widget-container\">\n\t\t\t<h2 class=\"elementor-heading-title elementor-size-large\">d\u00e9couvrez notre histoire<\/h2>\t\t<\/div>\n\t\t\t\t<\/div>\n\t\t\t\t\t\t<\/div>\n\t\t\t\t\t<\/div>\n\t\t<\/div>\n\t\t\t\t\t\t\t\t<\/div>\n\t\t\t\t\t<\/div>\n\t\t<\/section>\n\t\t\t\t<section class=\"elementor-section elementor-top-section elementor-element elementor-element-3f02381 elementor-section-boxed elementor-section-height-default elementor-section-height-default\" data-id=\"3f02381\" data-element_type=\"section\">\n\t\t\t\t\t\t<div class=\"elementor-container elementor-column-gap-default\">\n\t\t\t\t\t\t\t<div class=\"elementor-row\">\n\t\t\t\t\t<div class=\"elementor-column elementor-col-100 elementor-top-column elementor-element elementor-element-2d4008d\" data-id=\"2d4008d\" data-element_type=\"column\">\n\t\t\t<div class=\"elementor-column-wrap elementor-element-populated\">\n\t\t\t\t\t\t\t<div class=\"elementor-widget-wrap\">\n\t\t\t\t\t\t<div class=\"elementor-element elementor-element-a8fde57 elementor-widget elementor-widget-html\" data-id=\"a8fde57\" data-element_type=\"widget\" data-widget_type=\"html.default\">\n\t\t\t\t<div class=\"elementor-widget-container\">\n\t\t\t\t\t\t<section id=\"cd-timeline\" class=\"cd-container timeline-express\">\n\n\t\t\t\n<div class=\"cd-timeline-block janvier 19 2006 announcement-no-image announcement-2344\">\n\n\t\n\t\t<div class=\"cd-timeline-img cd-picture icon-no-readmore\" style=\"background:#a50029;\">\n\n\t\t\t<!-- Custom Action Hook -->\n\t\t\t\n\t\t\t\t<!-- Standard Font Awesome Icon -->\n\t\t\t\t<span class=\"fa fa-chevron-left\" title=\"Naissance de SMB Security SPRL\"><\/span>\n\n\t\t\t\n\t\t<\/div> <!-- cd-timeline-img -->\n\n\t\n\t<!-- Timeline Content -->\n\t<div class=\"cd-timeline-content\">\n\n\t\t\n\t\t<!-- Announcement Title -->\n\t\t<div class=\"cd-timeline-title-container\">\n\n\t\t\t\n\t\t\t<h2 class=\"cd-timeline-item-title\">\n\t\t\t\tNaissance de SMB Security SPRL\t\t\t<\/h2>\n\n\t\t\t\t\t\t\t<p class=\"timeline-date\">\n\t\t\t\t\t19 janvier 2006\t\t\t\t<\/p>\n\t\t\t\t\t\t<\/div>\n\t\t<!-- End Announcement Title -->\n\n\t\t\n\t\t<!-- Announcement Excerpt -->\n\t\t<div class=\"the-excerpt\">\n\t\t\t<p>La soci\u00e9t\u00e9 S.M.B. Security SPRL a \u00e9t\u00e9 cr\u00e9\u00e9e le 19 janvier 2006 par Jean-Fran\u00e7ois Olivier. A ses d\u00e9buts, l\u2019entreprise porte le nom S.M.B. Security SPRL car elle propose de la consultance informatique aux soci\u00e9t\u00e9s boursi\u00e8res, bancaires et financi\u00e8res pour qui l\u2019aspect s\u00e9curit\u00e9 est primordial. Au fil des ann\u00e9es ; encourag\u00e9e par le succ\u00e8s de ses prestations, l\u2019entreprise \u00e9tend ses activit\u00e9s. Elle s\u2019adresse toujours aux Small and Medium Business, comme son nom l\u2019indique, mais tend \u00e0 proposer ses services aux grandes entreprises, professions lib\u00e9rales, mais \u00e9galement au secteur public.<\/p>\n\t\t<\/div>\n\t\t<!-- End Announcement Excerpt -->\n\n\t\t\n\t<\/div>\n\t<!-- End Timeline Content -->\n\n<\/div>\n<!-- End Timeline Block -->\n\n<div class=\"cd-timeline-block janvier 01 2011 announcement-no-image announcement-2345\">\n\n\t\n\t\t<div class=\"cd-timeline-img cd-picture icon-no-readmore\" style=\"background:#215ba4;\">\n\n\t\t\t<!-- Custom Action Hook -->\n\t\t\t\n\t\t\t\t<!-- Standard Font Awesome Icon -->\n\t\t\t\t<span class=\"fa fa-chevron-right\" title=\"SMB s&rsquo;installe au Luxembourg\"><\/span>\n\n\t\t\t\n\t\t<\/div> <!-- cd-timeline-img -->\n\n\t\n\t<!-- Timeline Content -->\n\t<div class=\"cd-timeline-content\">\n\n\t\t\n\t\t<!-- Announcement Title -->\n\t\t<div class=\"cd-timeline-title-container\">\n\n\t\t\t\n\t\t\t<h2 class=\"cd-timeline-item-title\">\n\t\t\t\tSMB s&rsquo;installe au Luxembourg\t\t\t<\/h2>\n\n\t\t\t\t\t\t\t<p class=\"timeline-date\">\n\t\t\t\t\t1 janvier 2011\t\t\t\t<\/p>\n\t\t\t\t\t\t<\/div>\n\t\t<!-- End Announcement Title -->\n\n\t\t\n\t\t<!-- Announcement Excerpt -->\n\t\t<div class=\"the-excerpt\">\n\t\t\t<p>En 2011, suite \u00e0 ce nouveau succ\u00e8s encourageant pour l&rsquo;avenir, S.M.B. Security SPRL devient S.M.B. IT Management Solutions &#8211; Belgique SA\/NV. Dans la m\u00eame lign\u00e9e, S.M.B. IT Management Solutions &#8211; Luxembourg S.\u00e0.r.l voit \u00e9galement le jour&#8230; et prend position \u00e0 l&rsquo;un des endroits les plus strat\u00e9giques du Luxembourg&#8230; Boulevard Royal. &nbsp;<\/p>\n\t\t<\/div>\n\t\t<!-- End Announcement Excerpt -->\n\n\t\t\n\t<\/div>\n\t<!-- End Timeline Content -->\n\n<\/div>\n<!-- End Timeline Block -->\n\n<div class=\"cd-timeline-block janvier 06 2011 announcement-no-image announcement-2346\">\n\n\t\n\t\t<div class=\"cd-timeline-img cd-picture icon-no-readmore\" style=\"background:#1a6107;\">\n\n\t\t\t<!-- Custom Action Hook -->\n\t\t\t\n\t\t\t\t<!-- Standard Font Awesome Icon -->\n\t\t\t\t<span class=\"fa fa-chevron-left\" title=\"SHERWOOD rejoint la famille SMB\"><\/span>\n\n\t\t\t\n\t\t<\/div> <!-- cd-timeline-img -->\n\n\t\n\t<!-- Timeline Content -->\n\t<div class=\"cd-timeline-content\">\n\n\t\t\n\t\t<!-- Announcement Title -->\n\t\t<div class=\"cd-timeline-title-container\">\n\n\t\t\t\n\t\t\t<h2 class=\"cd-timeline-item-title\">\n\t\t\t\tSHERWOOD rejoint la famille SMB\t\t\t<\/h2>\n\n\t\t\t\t\t\t\t<p class=\"timeline-date\">\n\t\t\t\t\t6 janvier 2011\t\t\t\t<\/p>\n\t\t\t\t\t\t<\/div>\n\t\t<!-- End Announcement Title -->\n\n\t\t\n\t\t<!-- Announcement Excerpt -->\n\t\t<div class=\"the-excerpt\">\n\t\t\t<p>S.M.B. rach\u00e8te alors l&rsquo;entreprise Sherwood Software Services SPRL, active depuis des ann\u00e9es dans l&rsquo;informatique de gestion, mais surtout en logiciel SAGE BOB50 et Winbooks. En peu de temps, S.M.B. fait de Sherwood Software Services SPRL sa filiale logiciel.<\/p>\n\t\t<\/div>\n\t\t<!-- End Announcement Excerpt -->\n\n\t\t\n\t<\/div>\n\t<!-- End Timeline Content -->\n\n<\/div>\n<!-- End Timeline Block -->\n\n<div class=\"cd-timeline-block mai 03 2012 announcement-no-image announcement-2347\">\n\n\t\n\t\t<div class=\"cd-timeline-img cd-picture icon-no-readmore\" style=\"background:#e0542c;\">\n\n\t\t\t<!-- Custom Action Hook -->\n\t\t\t\n\t\t\t\t<!-- Standard Font Awesome Icon -->\n\t\t\t\t<span class=\"fa fa-chevron-right\" title=\"VODATEL voit le jour\"><\/span>\n\n\t\t\t\n\t\t<\/div> <!-- cd-timeline-img -->\n\n\t\n\t<!-- Timeline Content -->\n\t<div class=\"cd-timeline-content\">\n\n\t\t\n\t\t<!-- Announcement Title -->\n\t\t<div class=\"cd-timeline-title-container\">\n\n\t\t\t\n\t\t\t<h2 class=\"cd-timeline-item-title\">\n\t\t\t\tVODATEL voit le jour\t\t\t<\/h2>\n\n\t\t\t\t\t\t\t<p class=\"timeline-date\">\n\t\t\t\t\t3 mai 2012\t\t\t\t<\/p>\n\t\t\t\t\t\t<\/div>\n\t\t<!-- End Announcement Title -->\n\n\t\t\n\t\t<!-- Announcement Excerpt -->\n\t\t<div class=\"the-excerpt\">\n\t\t\t<p>La solution logiciel \u00e9tant en place, il ne restait plus qu\u2019\u00e0 r\u00e9pondre \u00e0 la derni\u00e8re demande de notre client\u00e8le \u2026 la t\u00e9l\u00e9phonie \u2026 une analyse compl\u00e8te d\u00e9montrera \u00e0 S.M.B. que le meilleur des partenaires en centrale t\u00e9l\u00e9phonique est PANASONIC \u2026 ayant tr\u00e8s vite rencontrer les quelques acteurs du march\u00e9, S.M.B. se rend tr\u00e8s vite compte qu\u2019elle ne pourra pas offrir la m\u00eame qualit\u00e9 de service \u00e0 ses clients en s\u2019entourant de ces acteurs \u2026 Elle d\u00e9cide donc de fonder Vodatel SPRL qui deviendra de surcro\u00eet la troisi\u00e8me filiale du groupe S.M.B<\/p>\n\t\t<\/div>\n\t\t<!-- End Announcement Excerpt -->\n\n\t\t\n\t<\/div>\n\t<!-- End Timeline Content -->\n\n<\/div>\n<!-- End Timeline Block -->\n\n<div class=\"cd-timeline-block janvier 02 2013 announcement-2349\">\n\n\t\n\t\t<div class=\"cd-timeline-img cd-picture icon-no-readmore\" style=\"background:#215ba4;\">\n\n\t\t\t<!-- Custom Action Hook -->\n\t\t\t\n\t\t\t\t<!-- Standard Font Awesome Icon -->\n\t\t\t\t<span class=\"fa fa-chevron-left\" title=\"Cr\u00e9ation du groupe SMB Group\"><\/span>\n\n\t\t\t\n\t\t<\/div> <!-- cd-timeline-img -->\n\n\t\n\t<!-- Timeline Content -->\n\t<div class=\"cd-timeline-content\">\n\n\t\t\n\t\t<!-- Announcement Title -->\n\t\t<div class=\"cd-timeline-title-container\">\n\n\t\t\t\n\t\t\t<h2 class=\"cd-timeline-item-title\">\n\t\t\t\tCr\u00e9ation du groupe SMB Group\t\t\t<\/h2>\n\n\t\t\t\t\t\t\t<p class=\"timeline-date\">\n\t\t\t\t\t2 janvier 2013\t\t\t\t<\/p>\n\t\t\t\t\t\t<\/div>\n\t\t<!-- End Announcement Title -->\n\n\t\t<img width=\"350\" height=\"120\" src=\"https:\/\/smbgroup.webcommunic.com\/wp-content\/uploads\/2019\/03\/logo-smb-2-350x120.png\" class=\"announcement-banner-image\" alt=\"Cr\u00e9ation du groupe SMB Group\" loading=\"lazy\" \/>\n\t\t<!-- Announcement Excerpt -->\n\t\t<div class=\"the-excerpt\">\n\t\t\t<p>En 2013, S.M.B. IT Management Solutions, Sherwood Software Services et Vodatel SPRL d\u00e9cident ensemble de former S.M.B. Group \u2026 S.M.B. Group devient tr\u00e8s vite populaire au sein de sa client\u00e8le actuelle, mais \u00e9galement au-del\u00e0 \u2026 finalement, leur meilleure publicit\u00e9 \u2026 ce sont leurs clients et leur satisfaction \u2026<\/p>\n\t\t<\/div>\n\t\t<!-- End Announcement Excerpt -->\n\n\t\t\n\t<\/div>\n\t<!-- End Timeline Content -->\n\n<\/div>\n<!-- End Timeline Block -->\n\n<div class=\"cd-timeline-block novembre 11 2014 announcement-no-image announcement-2350\">\n\n\t\n\t\t<div class=\"cd-timeline-img cd-picture icon-no-readmore\" style=\"background:#215ba4;\">\n\n\t\t\t<!-- Custom Action Hook -->\n\t\t\t\n\t\t\t\t<!-- Standard Font Awesome Icon -->\n\t\t\t\t<span class=\"fa fa-chevron-right\" title=\"PMI vient compl\u00e9ter le groupe\"><\/span>\n\n\t\t\t\n\t\t<\/div> <!-- cd-timeline-img -->\n\n\t\n\t<!-- Timeline Content -->\n\t<div class=\"cd-timeline-content\">\n\n\t\t\n\t\t<!-- Announcement Title -->\n\t\t<div class=\"cd-timeline-title-container\">\n\n\t\t\t\n\t\t\t<h2 class=\"cd-timeline-item-title\">\n\t\t\t\tPMI vient compl\u00e9ter le groupe\t\t\t<\/h2>\n\n\t\t\t\t\t\t\t<p class=\"timeline-date\">\n\t\t\t\t\t11 novembre 2014\t\t\t\t<\/p>\n\t\t\t\t\t\t<\/div>\n\t\t<!-- End Announcement Title -->\n\n\t\t\n\t\t<!-- Announcement Excerpt -->\n\t\t<div class=\"the-excerpt\">\n\t\t\t<p>Fin 2014, PMIGEST SPRL bien connu sur le march\u00e9 de l\u2019ERP et du CRM sur mesure rejoint le groupe et apporte ainsi la derni\u00e8re solution professionnelle attendue par la client\u00e8le du groupe.<\/p>\n\t\t<\/div>\n\t\t<!-- End Announcement Excerpt -->\n\n\t\t\n\t<\/div>\n\t<!-- End Timeline Content -->\n\n<\/div>\n<!-- End Timeline Block -->\n\n\t\t\t<\/section>\n\n\t\t\t<!-- Timeline Express Free v1.8.1 | Site: https:\/\/www.wp-timelineexpress.com | Author: CodeParrots - http:\/\/www.codeparrots.com -->\t\t<\/div>\n\t\t\t\t<\/div>\n\t\t\t\t\t\t<\/div>\n\t\t\t\t\t<\/div>\n\t\t<\/div>\n\t\t\t\t\t\t\t\t<\/div>\n\t\t\t\t\t<\/div>\n\t\t<\/section>\n\t\t\t\t<section class=\"elementor-section elementor-top-section elementor-element elementor-element-2f5d404 elementor-section-content-middle elementor-section-full_width elementor-section-stretched elementor-section-height-default elementor-section-height-default\" data-id=\"2f5d404\" data-element_type=\"section\" data-settings=\"{&quot;background_background&quot;:&quot;classic&quot;,&quot;stretch_section&quot;:&quot;section-stretched&quot;}\">\n\t\t\t\t\t\t<div class=\"elementor-container elementor-column-gap-no\">\n\t\t\t\t\t\t\t<div class=\"elementor-row\">\n\t\t\t\t\t<div class=\"elementor-column elementor-col-100 elementor-top-column elementor-element elementor-element-68c5137\" data-id=\"68c5137\" data-element_type=\"column\">\n\t\t\t<div class=\"elementor-column-wrap elementor-element-populated\">\n\t\t\t\t\t\t\t<div class=\"elementor-widget-wrap\">\n\t\t\t\t\t\t<div class=\"elementor-element elementor-element-1332aea elementor-widget elementor-widget-text-editor\" data-id=\"1332aea\" data-element_type=\"widget\" data-widget_type=\"text-editor.default\">\n\t\t\t\t<div class=\"elementor-widget-container\">\n\t\t\t\t\t\t\t\t<div class=\"elementor-text-editor elementor-clearfix\">\n\t\t\t\t<p style=\"text-align: center;\">Concr\u00e9tisez vos projets et b\u00e9n\u00e9ficiez de notre expertise personnalis\u00e9e<\/p>\t\t\t\t\t<\/div>\n\t\t\t\t\t\t<\/div>\n\t\t\t\t<\/div>\n\t\t\t\t<div class=\"elementor-element elementor-element-4a05bc6 elementor-align-center elementor-widget elementor-widget-button\" data-id=\"4a05bc6\" data-element_type=\"widget\" data-widget_type=\"button.default\">\n\t\t\t\t<div class=\"elementor-widget-container\">\n\t\t\t\t\t<div class=\"elementor-button-wrapper\">\n\t\t\t<a class=\"elementor-button elementor-button-link elementor-size-xl elementor-animation-float\" href=\"https:\/\/smbgroup.webcommunic.com\/index.php\/contacts\/\">\n\t\t\t\t\t\t<span class=\"elementor-button-content-wrapper\">\n\t\t\t\t\t\t<span class=\"elementor-button-text\">CONTACTEZ-NOUS<\/span>\n\t\t<\/span>\n\t\t\t\t\t<\/a>\n\t\t<\/div>\n\t\t\t\t<\/div>\n\t\t\t\t<\/div>\n\t\t\t\t\t\t<\/div>\n\t\t\t\t\t<\/div>\n\t\t<\/div>\n\t\t\t\t\t\t\t\t<\/div>\n\t\t\t\t\t<\/div>\n\t\t<\/section>\n\t\t\t\t\t\t\t\t\t<\/div>\n\t\t\t<\/div>\n\t\t\t\t\t<\/div>\n\t\t","protected":false},"excerpt":{"rendered":"<p>historique d\u00e9couvrez notre histoire Concr\u00e9tisez vos projets et b\u00e9n\u00e9ficiez de notre expertise personnalis\u00e9e CONTACTEZ-NOUS<\/p>\n","protected":false},"author":1,"featured_media":0,"parent":0,"menu_order":0,"comment_status":"closed","ping_status":"closed","template":"","meta":[],"yoast_head":"<!-- This site is optimized with the Yoast SEO plugin v20.9 - https:\/\/yoast.com\/wordpress\/plugins\/seo\/ -->\n<title>\u00c0 propos - SMB Group<\/title>\n<meta name=\"robots\" content=\"index, follow, max-snippet:-1, max-image-preview:large, max-video-preview:-1\" \/>\n<link rel=\"canonical\" href=\"https:\/\/smbgroup.webcommunic.com\/index.php\/about\/\" \/>\n<meta property=\"og:locale\" content=\"fr_FR\" \/>\n<meta property=\"og:type\" content=\"article\" \/>\n<meta property=\"og:title\" content=\"\u00c0 propos - SMB Group\" \/>\n<meta property=\"og:description\" content=\"historique d\u00e9couvrez notre histoire Concr\u00e9tisez vos projets et b\u00e9n\u00e9ficiez de notre expertise personnalis\u00e9e CONTACTEZ-NOUS\" \/>\n<meta property=\"og:url\" content=\"https:\/\/smbgroup.webcommunic.com\/index.php\/about\/\" \/>\n<meta property=\"og:site_name\" content=\"SMB Group\" \/>\n<meta property=\"article:publisher\" content=\"https:\/\/www.facebook.com\/smbgroup.be\" \/>\n<meta property=\"article:modified_time\" content=\"2023-06-18T16:47:15+00:00\" \/>\n<meta name=\"twitter:card\" content=\"summary_large_image\" \/>\n<meta name=\"twitter:site\" content=\"@smbgroup_\" \/>\n<meta name=\"twitter:label1\" content=\"Dur\u00e9e de lecture estim\u00e9e\" \/>\n\t<meta name=\"twitter:data1\" content=\"1 minute\" \/>\n<script type=\"application\/ld+json\" class=\"yoast-schema-graph\">{\"@context\":\"https:\/\/schema.org\",\"@graph\":[{\"@type\":\"WebPage\",\"@id\":\"https:\/\/smbgroup.webcommunic.com\/index.php\/about\/\",\"url\":\"https:\/\/smbgroup.webcommunic.com\/index.php\/about\/\",\"name\":\"\u00c0 propos - SMB Group\",\"isPartOf\":{\"@id\":\"https:\/\/smbgroup.webcommunic.com\/#website\"},\"datePublished\":\"2019-03-12T15:59:55+00:00\",\"dateModified\":\"2023-06-18T16:47:15+00:00\",\"breadcrumb\":{\"@id\":\"https:\/\/smbgroup.webcommunic.com\/index.php\/about\/#breadcrumb\"},\"inLanguage\":\"fr-FR\",\"potentialAction\":[{\"@type\":\"ReadAction\",\"target\":[\"https:\/\/smbgroup.webcommunic.com\/index.php\/about\/\"]}]},{\"@type\":\"BreadcrumbList\",\"@id\":\"https:\/\/smbgroup.webcommunic.com\/index.php\/about\/#breadcrumb\",\"itemListElement\":[{\"@type\":\"ListItem\",\"position\":1,\"name\":\"Accueil\",\"item\":\"https:\/\/smbgroup.webcommunic.com\/\"},{\"@type\":\"ListItem\",\"position\":2,\"name\":\"\u00c0 propos\"}]},{\"@type\":\"WebSite\",\"@id\":\"https:\/\/smbgroup.webcommunic.com\/#website\",\"url\":\"https:\/\/smbgroup.webcommunic.com\/\",\"name\":\"SMB Group\",\"description\":\"Hardware &amp; Software Solutions\",\"publisher\":{\"@id\":\"https:\/\/smbgroup.webcommunic.com\/#organization\"},\"potentialAction\":[{\"@type\":\"SearchAction\",\"target\":{\"@type\":\"EntryPoint\",\"urlTemplate\":\"https:\/\/smbgroup.webcommunic.com\/?s={search_term_string}\"},\"query-input\":\"required name=search_term_string\"}],\"inLanguage\":\"fr-FR\"},{\"@type\":\"Organization\",\"@id\":\"https:\/\/smbgroup.webcommunic.com\/#organization\",\"name\":\"SMB Group\",\"url\":\"https:\/\/smbgroup.webcommunic.com\/\",\"logo\":{\"@type\":\"ImageObject\",\"inLanguage\":\"fr-FR\",\"@id\":\"https:\/\/smbgroup.webcommunic.com\/#\/schema\/logo\/image\/\",\"url\":\"https:\/\/www.smbgroup.be\/wp-content\/uploads\/2019\/04\/logo-smb_high2-e1555669251801.png\",\"contentUrl\":\"https:\/\/www.smbgroup.be\/wp-content\/uploads\/2019\/04\/logo-smb_high2-e1555669251801.png\",\"width\":200,\"height\":239,\"caption\":\"SMB Group\"},\"image\":{\"@id\":\"https:\/\/smbgroup.webcommunic.com\/#\/schema\/logo\/image\/\"},\"sameAs\":[\"https:\/\/www.facebook.com\/smbgroup.be\",\"https:\/\/twitter.com\/smbgroup_\",\"https:\/\/www.linkedin.com\/company\/smb-it-management-solutions---belgique-s-a\/\",\"https:\/\/www.youtube.com\/channel\/UCGSg8O2NrzqXyxt795vK6GA?view_as=subscriber\"]}]}<\/script>\n<!-- \/ Yoast SEO plugin. -->","yoast_head_json":{"title":"\u00c0 propos - SMB Group","robots":{"index":"index","follow":"follow","max-snippet":"max-snippet:-1","max-image-preview":"max-image-preview:large","max-video-preview":"max-video-preview:-1"},"canonical":"https:\/\/smbgroup.webcommunic.com\/index.php\/about\/","og_locale":"fr_FR","og_type":"article","og_title":"\u00c0 propos - SMB Group","og_description":"historique d\u00e9couvrez notre histoire Concr\u00e9tisez vos projets et b\u00e9n\u00e9ficiez de notre expertise personnalis\u00e9e CONTACTEZ-NOUS","og_url":"https:\/\/smbgroup.webcommunic.com\/index.php\/about\/","og_site_name":"SMB Group","article_publisher":"https:\/\/www.facebook.com\/smbgroup.be","article_modified_time":"2023-06-18T16:47:15+00:00","twitter_card":"summary_large_image","twitter_site":"@smbgroup_","twitter_misc":{"Dur\u00e9e de lecture estim\u00e9e":"1 minute"},"schema":{"@context":"https:\/\/schema.org","@graph":[{"@type":"WebPage","@id":"https:\/\/smbgroup.webcommunic.com\/index.php\/about\/","url":"https:\/\/smbgroup.webcommunic.com\/index.php\/about\/","name":"\u00c0 propos - SMB Group","isPartOf":{"@id":"https:\/\/smbgroup.webcommunic.com\/#website"},"datePublished":"2019-03-12T15:59:55+00:00","dateModified":"2023-06-18T16:47:15+00:00","breadcrumb":{"@id":"https:\/\/smbgroup.webcommunic.com\/index.php\/about\/#breadcrumb"},"inLanguage":"fr-FR","potentialAction":[{"@type":"ReadAction","target":["https:\/\/smbgroup.webcommunic.com\/index.php\/about\/"]}]},{"@type":"BreadcrumbList","@id":"https:\/\/smbgroup.webcommunic.com\/index.php\/about\/#breadcrumb","itemListElement":[{"@type":"ListItem","position":1,"name":"Accueil","item":"https:\/\/smbgroup.webcommunic.com\/"},{"@type":"ListItem","position":2,"name":"\u00c0 propos"}]},{"@type":"WebSite","@id":"https:\/\/smbgroup.webcommunic.com\/#website","url":"https:\/\/smbgroup.webcommunic.com\/","name":"SMB Group","description":"Hardware &amp; Software Solutions","publisher":{"@id":"https:\/\/smbgroup.webcommunic.com\/#organization"},"potentialAction":[{"@type":"SearchAction","target":{"@type":"EntryPoint","urlTemplate":"https:\/\/smbgroup.webcommunic.com\/?s={search_term_string}"},"query-input":"required name=search_term_string"}],"inLanguage":"fr-FR"},{"@type":"Organization","@id":"https:\/\/smbgroup.webcommunic.com\/#organization","name":"SMB Group","url":"https:\/\/smbgroup.webcommunic.com\/","logo":{"@type":"ImageObject","inLanguage":"fr-FR","@id":"https:\/\/smbgroup.webcommunic.com\/#\/schema\/logo\/image\/","url":"https:\/\/www.smbgroup.be\/wp-content\/uploads\/2019\/04\/logo-smb_high2-e1555669251801.png","contentUrl":"https:\/\/www.smbgroup.be\/wp-content\/uploads\/2019\/04\/logo-smb_high2-e1555669251801.png","width":200,"height":239,"caption":"SMB Group"},"image":{"@id":"https:\/\/smbgroup.webcommunic.com\/#\/schema\/logo\/image\/"},"sameAs":["https:\/\/www.facebook.com\/smbgroup.be","https:\/\/twitter.com\/smbgroup_","https:\/\/www.linkedin.com\/company\/smb-it-management-solutions---belgique-s-a\/","https:\/\/www.youtube.com\/channel\/UCGSg8O2NrzqXyxt795vK6GA?view_as=subscriber"]}]}},"_links":{"self":[{"href":"https:\/\/smbgroup.webcommunic.com\/index.php\/wp-json\/wp\/v2\/pages\/2364"}],"collection":[{"href":"https:\/\/smbgroup.webcommunic.com\/index.php\/wp-json\/wp\/v2\/pages"}],"about":[{"href":"https:\/\/smbgroup.webcommunic.com\/index.php\/wp-json\/wp\/v2\/types\/page"}],"author":[{"embeddable":true,"href":"https:\/\/smbgroup.webcommunic.com\/index.php\/wp-json\/wp\/v2\/users\/1"}],"replies":[{"embeddable":true,"href":"https:\/\/smbgroup.webcommunic.com\/index.php\/wp-json\/wp\/v2\/comments?post=2364"}],"version-history":[{"count":35,"href":"https:\/\/smbgroup.webcommunic.com\/index.php\/wp-json\/wp\/v2\/pages\/2364\/revisions"}],"predecessor-version":[{"id":10533,"href":"https:\/\/smbgroup.webcommunic.com\/index.php\/wp-json\/wp\/v2\/pages\/2364\/revisions\/10533"}],"wp:attachment":[{"href":"https:\/\/smbgroup.webcommunic.com\/index.php\/wp-json\/wp\/v2\/media?parent=2364"}],"curies":[{"name":"wp","href":"https:\/\/api.w.org\/{rel}","templated":true}]}}