{"id":1272,"date":"2019-01-17T11:10:03","date_gmt":"2019-01-17T10:10:03","guid":{"rendered":"https:\/\/www.smbgroup.be\/?page_id=1272"},"modified":"2023-06-16T15:45:43","modified_gmt":"2023-06-16T13:45:43","slug":"hotline-2","status":"publish","type":"page","link":"https:\/\/smbgroup.webcommunic.com\/index.php\/telephonie\/hotline-2\/","title":{"rendered":"Hotline"},"content":{"rendered":"\t\t<div data-elementor-type=\"wp-post\" data-elementor-id=\"1272\" class=\"elementor elementor-1272\">\n\t\t\t\t\t\t<div class=\"elementor-inner\">\n\t\t\t\t<div class=\"elementor-section-wrap\">\n\t\t\t\t\t\t\t\t\t<section class=\"elementor-section elementor-top-section elementor-element elementor-element-aa3c1ed elementor-section-full_width elementor-section-height-min-height elementor-section-content-middle elementor-section-stretched elementor-section-height-default elementor-section-items-middle\" data-id=\"aa3c1ed\" data-element_type=\"section\" data-settings=\"{&quot;background_background&quot;:&quot;classic&quot;,&quot;stretch_section&quot;:&quot;section-stretched&quot;}\">\n\t\t\t\t\t\t\t<div class=\"elementor-background-overlay\"><\/div>\n\t\t\t\t\t\t\t<div class=\"elementor-container elementor-column-gap-default\">\n\t\t\t\t\t\t\t<div class=\"elementor-row\">\n\t\t\t\t\t<div class=\"elementor-column elementor-col-100 elementor-top-column elementor-element elementor-element-d947b21\" data-id=\"d947b21\" data-element_type=\"column\">\n\t\t\t<div class=\"elementor-column-wrap elementor-element-populated\">\n\t\t\t\t\t\t\t<div class=\"elementor-widget-wrap\">\n\t\t\t\t\t\t<div class=\"elementor-element elementor-element-432a686 elementor-widget elementor-widget-heading\" data-id=\"432a686\" data-element_type=\"widget\" data-widget_type=\"heading.default\">\n\t\t\t\t<div class=\"elementor-widget-container\">\n\t\t\t<h2 class=\"elementor-heading-title elementor-size-large\">HOTLINE<\/h2>\t\t<\/div>\n\t\t\t\t<\/div>\n\t\t\t\t<div class=\"elementor-element elementor-element-a20dbe7 elementor-widget elementor-widget-heading\" data-id=\"a20dbe7\" data-element_type=\"widget\" data-widget_type=\"heading.default\">\n\t\t\t\t<div class=\"elementor-widget-container\">\n\t\t\t<h2 class=\"elementor-heading-title elementor-size-large\">PROFITEZ DES SERVICES MIS A VOTRE DISPOSITION<\/h2>\t\t<\/div>\n\t\t\t\t<\/div>\n\t\t\t\t\t\t<\/div>\n\t\t\t\t\t<\/div>\n\t\t<\/div>\n\t\t\t\t\t\t\t\t<\/div>\n\t\t\t\t\t<\/div>\n\t\t<\/section>\n\t\t\t\t<section class=\"elementor-section elementor-top-section elementor-element elementor-element-6c5569e elementor-section-boxed elementor-section-height-default elementor-section-height-default\" data-id=\"6c5569e\" data-element_type=\"section\">\n\t\t\t\t\t\t<div class=\"elementor-container elementor-column-gap-default\">\n\t\t\t\t\t\t\t<div class=\"elementor-row\">\n\t\t\t\t\t<div class=\"elementor-column elementor-col-100 elementor-top-column elementor-element elementor-element-ab6c313\" data-id=\"ab6c313\" data-element_type=\"column\">\n\t\t\t<div class=\"elementor-column-wrap elementor-element-populated\">\n\t\t\t\t\t\t\t<div class=\"elementor-widget-wrap\">\n\t\t\t\t\t\t<div class=\"elementor-element elementor-element-551cc7e elementor-widget elementor-widget-spacer\" data-id=\"551cc7e\" data-element_type=\"widget\" data-widget_type=\"spacer.default\">\n\t\t\t\t<div class=\"elementor-widget-container\">\n\t\t\t\t\t<div class=\"elementor-spacer\">\n\t\t\t<div class=\"elementor-spacer-inner\"><\/div>\n\t\t<\/div>\n\t\t\t\t<\/div>\n\t\t\t\t<\/div>\n\t\t\t\t\t\t<\/div>\n\t\t\t\t\t<\/div>\n\t\t<\/div>\n\t\t\t\t\t\t\t\t<\/div>\n\t\t\t\t\t<\/div>\n\t\t<\/section>\n\t\t\t\t<section class=\"elementor-section elementor-top-section elementor-element elementor-element-1240880 elementor-section-stretched elementor-section-full_width elementor-section-height-default elementor-section-height-default\" data-id=\"1240880\" data-element_type=\"section\" data-settings=\"{&quot;stretch_section&quot;:&quot;section-stretched&quot;,&quot;background_background&quot;:&quot;classic&quot;}\">\n\t\t\t\t\t\t<div class=\"elementor-container elementor-column-gap-no\">\n\t\t\t\t\t\t\t<div class=\"elementor-row\">\n\t\t\t\t\t<div class=\"elementor-column elementor-col-100 elementor-top-column elementor-element elementor-element-b2db60f\" data-id=\"b2db60f\" data-element_type=\"column\">\n\t\t\t<div class=\"elementor-column-wrap elementor-element-populated\">\n\t\t\t\t\t\t\t<div class=\"elementor-widget-wrap\">\n\t\t\t\t\t\t<div class=\"elementor-element elementor-element-fb2ef6b elementor-widget__width-auto elementor-absolute elementor-widget elementor-widget-image\" data-id=\"fb2ef6b\" data-element_type=\"widget\" data-settings=\"{&quot;_position&quot;:&quot;absolute&quot;}\" data-widget_type=\"image.default\">\n\t\t\t\t<div class=\"elementor-widget-container\">\n\t\t\t\t\t\t\t\t<div class=\"elementor-image\">\n\t\t\t\t\t\t\t\t\t\t\t\t<img decoding=\"async\" width=\"467\" height=\"336\" src=\"https:\/\/smbgroup.webcommunic.com\/wp-content\/uploads\/2023\/05\/810e6c78-shapes-testimonial.png\" class=\"attachment-full size-full wp-image-5106\" alt=\"\" loading=\"lazy\" srcset=\"https:\/\/smbgroup.webcommunic.com\/wp-content\/uploads\/2023\/05\/810e6c78-shapes-testimonial.png 467w, https:\/\/smbgroup.webcommunic.com\/wp-content\/uploads\/2023\/05\/810e6c78-shapes-testimonial-300x216.png 300w\" sizes=\"(max-width: 467px) 100vw, 467px\" \/>\t\t\t\t\t\t\t\t\t\t\t\t\t\t<\/div>\n\t\t\t\t\t\t<\/div>\n\t\t\t\t<\/div>\n\t\t\t\t<section class=\"elementor-section elementor-inner-section elementor-element elementor-element-4c99d20 elementor-section-boxed elementor-section-height-default elementor-section-height-default\" data-id=\"4c99d20\" data-element_type=\"section\">\n\t\t\t\t\t\t<div class=\"elementor-container elementor-column-gap-no\">\n\t\t\t\t\t\t\t<div class=\"elementor-row\">\n\t\t\t\t\t<div class=\"elementor-column elementor-col-100 elementor-inner-column elementor-element elementor-element-dcf1f6d\" data-id=\"dcf1f6d\" data-element_type=\"column\">\n\t\t\t<div class=\"elementor-column-wrap elementor-element-populated\">\n\t\t\t\t\t\t\t<div class=\"elementor-widget-wrap\">\n\t\t\t\t\t\t<div class=\"elementor-element elementor-element-ea1dccf eael-dual-header-content-align-left elementor-invisible elementor-widget elementor-widget-eael-dual-color-header\" data-id=\"ea1dccf\" data-element_type=\"widget\" data-settings=\"{&quot;motion_fx_motion_fx_scrolling&quot;:&quot;yes&quot;,&quot;motion_fx_devices&quot;:[&quot;desktop&quot;],&quot;_animation&quot;:&quot;fadeInDown&quot;}\" data-widget_type=\"eael-dual-color-header.default\">\n\t\t\t\t<div class=\"elementor-widget-container\">\n\t\t\t\n\t\t\n\t\t\t\t<div class=\"eael-dual-header\">\n\t\t\t\t\t<span class=\"eael-dch-svg-icon\"><i aria-hidden=\"true\" class=\"far fa-window-minimize\"><\/i><\/span>\t\t\t\t\t\t<h2 class=\"title\"><span  class=\"lead solid-color\">VODATEL s&#039;occupe de vous<\/span> <span><\/span><\/h2>\n\t\t\t\t<span class=\"subtext\"><\/span>\n\t\t<\/div>\n\t\n\t\t\n\t\t\n\t\t\t\t<\/div>\n\t\t\t\t<\/div>\n\t\t\t\t\t\t<\/div>\n\t\t\t\t\t<\/div>\n\t\t<\/div>\n\t\t\t\t\t\t\t\t<\/div>\n\t\t\t\t\t<\/div>\n\t\t<\/section>\n\t\t\t\t\t\t<\/div>\n\t\t\t\t\t<\/div>\n\t\t<\/div>\n\t\t\t\t\t\t\t\t<\/div>\n\t\t\t\t\t<\/div>\n\t\t<\/section>\n\t\t\t\t<section class=\"elementor-section elementor-top-section elementor-element elementor-element-5ba4115 elementor-section-full_width elementor-section-stretched elementor-section-height-default elementor-section-height-default\" data-id=\"5ba4115\" data-element_type=\"section\" data-settings=\"{&quot;stretch_section&quot;:&quot;section-stretched&quot;}\">\n\t\t\t\t\t\t<div class=\"elementor-container elementor-column-gap-default\">\n\t\t\t\t\t\t\t<div class=\"elementor-row\">\n\t\t\t\t\t<div class=\"elementor-column elementor-col-100 elementor-top-column elementor-element elementor-element-52e784f\" data-id=\"52e784f\" data-element_type=\"column\">\n\t\t\t<div class=\"elementor-column-wrap elementor-element-populated\">\n\t\t\t\t\t\t\t<div class=\"elementor-widget-wrap\">\n\t\t\t\t\t\t<section class=\"elementor-section elementor-inner-section elementor-element elementor-element-5024de4 elementor-section-boxed elementor-section-height-default elementor-section-height-default\" data-id=\"5024de4\" data-element_type=\"section\" data-settings=\"{&quot;background_background&quot;:&quot;classic&quot;}\">\n\t\t\t\t\t\t<div class=\"elementor-container elementor-column-gap-default\">\n\t\t\t\t\t\t\t<div class=\"elementor-row\">\n\t\t\t\t\t<div class=\"elementor-column elementor-col-50 elementor-inner-column elementor-element elementor-element-3ab721a elementor-invisible\" data-id=\"3ab721a\" data-element_type=\"column\" data-settings=\"{&quot;animation&quot;:&quot;fadeInRight&quot;}\">\n\t\t\t<div class=\"elementor-column-wrap elementor-element-populated\">\n\t\t\t\t\t\t\t<div class=\"elementor-widget-wrap\">\n\t\t\t\t\t\t<div class=\"elementor-element elementor-element-a80cb8b elementor-widget-tablet__width-initial elementor-widget-mobile__width-inherit eael-infobox-shape-square eael-infobox-hover-img-shape-square elementor-widget elementor-widget-eael-info-box\" data-id=\"a80cb8b\" data-element_type=\"widget\" data-settings=\"{&quot;motion_fx_motion_fx_scrolling&quot;:&quot;yes&quot;,&quot;motion_fx_translateY_effect&quot;:&quot;yes&quot;,&quot;motion_fx_translateY_speed&quot;:{&quot;unit&quot;:&quot;px&quot;,&quot;size&quot;:2,&quot;sizes&quot;:[]},&quot;motion_fx_translateX_effect&quot;:&quot;yes&quot;,&quot;motion_fx_translateX_speed&quot;:{&quot;unit&quot;:&quot;px&quot;,&quot;size&quot;:1,&quot;sizes&quot;:[]},&quot;motion_fx_translateX_affectedRange&quot;:{&quot;unit&quot;:&quot;%&quot;,&quot;size&quot;:&quot;&quot;,&quot;sizes&quot;:{&quot;start&quot;:0,&quot;end&quot;:50}},&quot;motion_fx_scale_effect&quot;:&quot;yes&quot;,&quot;motion_fx_scale_speed&quot;:{&quot;unit&quot;:&quot;px&quot;,&quot;size&quot;:1,&quot;sizes&quot;:[]},&quot;motion_fx_scale_range&quot;:{&quot;unit&quot;:&quot;%&quot;,&quot;size&quot;:&quot;&quot;,&quot;sizes&quot;:{&quot;start&quot;:20,&quot;end&quot;:100}},&quot;motion_fx_devices&quot;:[&quot;desktop&quot;,&quot;tablet&quot;],&quot;motion_fx_translateY_affectedRange&quot;:{&quot;unit&quot;:&quot;%&quot;,&quot;size&quot;:&quot;&quot;,&quot;sizes&quot;:{&quot;start&quot;:0,&quot;end&quot;:100}},&quot;motion_fx_scale_direction&quot;:&quot;out-in&quot;}\" data-widget_type=\"eael-info-box.default\">\n\t\t\t\t<div class=\"elementor-widget-container\">\n\t\t\t        <div class=\"eael-infobox icon-on-left\">\n\t            <div class=\"infobox-icon\">\n\n                            <img decoding=\"async\" src=\"https:\/\/static.live.templately.com\/2020\/09\/8484cb4d-email.png\" alt=\"\">\n            \n            \n            \n        <\/div>\n            <div class=\"infobox-content\">\n                            <h4 class=\"title\">Service technique<\/h4>\n                                                                        <p><p><a href=\"mailto:administratif@smbgroup.be\">technique@smbgroup.be<\/a><\/p><\/p>\n                                                                            <\/div>\n            <\/div>\n\n\t\t\t\t<\/div>\n\t\t\t\t<\/div>\n\t\t\t\t<div class=\"elementor-element elementor-element-86fb162 elementor-widget-tablet__width-initial eael-infobox-icon-bg-shape-none eael-infobox-icon-hover-bg-shape-none elementor-widget elementor-widget-eael-info-box\" data-id=\"86fb162\" data-element_type=\"widget\" data-settings=\"{&quot;motion_fx_motion_fx_scrolling&quot;:&quot;yes&quot;,&quot;motion_fx_translateY_effect&quot;:&quot;yes&quot;,&quot;motion_fx_translateY_speed&quot;:{&quot;unit&quot;:&quot;px&quot;,&quot;size&quot;:2,&quot;sizes&quot;:[]},&quot;motion_fx_translateX_effect&quot;:&quot;yes&quot;,&quot;motion_fx_translateX_speed&quot;:{&quot;unit&quot;:&quot;px&quot;,&quot;size&quot;:1,&quot;sizes&quot;:[]},&quot;motion_fx_translateX_affectedRange&quot;:{&quot;unit&quot;:&quot;%&quot;,&quot;size&quot;:&quot;&quot;,&quot;sizes&quot;:{&quot;start&quot;:0,&quot;end&quot;:50}},&quot;motion_fx_scale_effect&quot;:&quot;yes&quot;,&quot;motion_fx_scale_speed&quot;:{&quot;unit&quot;:&quot;px&quot;,&quot;size&quot;:1,&quot;sizes&quot;:[]},&quot;motion_fx_scale_range&quot;:{&quot;unit&quot;:&quot;%&quot;,&quot;size&quot;:&quot;&quot;,&quot;sizes&quot;:{&quot;start&quot;:20,&quot;end&quot;:100}},&quot;motion_fx_devices&quot;:[&quot;desktop&quot;,&quot;tablet&quot;],&quot;motion_fx_translateY_affectedRange&quot;:{&quot;unit&quot;:&quot;%&quot;,&quot;size&quot;:&quot;&quot;,&quot;sizes&quot;:{&quot;start&quot;:0,&quot;end&quot;:100}},&quot;motion_fx_scale_direction&quot;:&quot;out-in&quot;}\" data-widget_type=\"eael-info-box.default\">\n\t\t\t\t<div class=\"elementor-widget-container\">\n\t\t\t        <div class=\"eael-infobox icon-on-left\">\n\t            <div class=\"infobox-icon eael-icon-only\">\n\n            \n                            <div class=\"infobox-icon-wrap\">\n                    <i aria-hidden=\"true\" class=\"fas fa-phone-alt\"><\/i>                <\/div>\n            \n            \n        <\/div>\n            <div class=\"infobox-content eael-icon-only\">\n                            <h4 class=\"title\">Nous contacter<\/h4>\n                                                                        <p><p>+32 4 277 90 55<br \/><br \/><\/p><\/p>\n                                                                            <\/div>\n            <\/div>\n\n\t\t\t\t<\/div>\n\t\t\t\t<\/div>\n\t\t\t\t\t\t<\/div>\n\t\t\t\t\t<\/div>\n\t\t<\/div>\n\t\t\t\t<div class=\"elementor-column elementor-col-50 elementor-inner-column elementor-element elementor-element-5dbb187\" data-id=\"5dbb187\" data-element_type=\"column\">\n\t\t\t<div class=\"elementor-column-wrap elementor-element-populated\">\n\t\t\t\t\t\t\t<div class=\"elementor-widget-wrap\">\n\t\t\t\t\t\t<div class=\"elementor-element elementor-element-9b29e77 elementor-widget elementor-widget-text-editor\" data-id=\"9b29e77\" data-element_type=\"widget\" data-widget_type=\"text-editor.default\">\n\t\t\t\t<div class=\"elementor-widget-container\">\n\t\t\t\t\t\t\t\t<div class=\"elementor-text-editor elementor-clearfix\">\n\t\t\t\t\t\t\t\t\t<\/div>\n\t\t\t\t\t\t<\/div>\n\t\t\t\t<\/div>\n\t\t\t\t<div class=\"elementor-element elementor-element-6eee105 elementor-invisible elementor-widget elementor-widget-text-editor\" data-id=\"6eee105\" data-element_type=\"widget\" data-settings=\"{&quot;_animation&quot;:&quot;fadeInRight&quot;}\" data-widget_type=\"text-editor.default\">\n\t\t\t\t<div class=\"elementor-widget-container\">\n\t\t\t\t\t\t\t\t<div class=\"elementor-text-editor elementor-clearfix\">\n\t\t\t\t<p>Vous rencontrez un <span style=\"color: #000000;\"><strong>probl\u00e8me <\/strong><\/span>?<\/p><p>Vous vous posez une <strong><span style=\"color: #000000;\">question<\/span><\/strong>\u00a0?<\/p><p>Par <strong><span style=\"color: #000000;\">t\u00e9l\u00e9phone <\/span><\/strong>ou par <span style=\"color: #a50029;\"><a style=\"color: #a50029;\" href=\"mailto:technique@smbgroup.be\"><span style=\"color: #0000ff;\"><strong>e-mail<\/strong><\/span><\/a><\/span>, notre \u00e9quipe se charge de vous et r\u00e9pond \u00e0 toutes vos demandes dans un d\u00e9lai raisonnable.<\/p><p>Notre\u00a0hotline est accessible tous les jours (du lundi au vendredi)<strong> de 8h30 \u00e0 18h00 <\/strong>(sauf contrat de services sur mesure, voir accord commercial).<\/p>\t\t\t\t\t<\/div>\n\t\t\t\t\t\t<\/div>\n\t\t\t\t<\/div>\n\t\t\t\t\t\t<\/div>\n\t\t\t\t\t<\/div>\n\t\t<\/div>\n\t\t\t\t\t\t\t\t<\/div>\n\t\t\t\t\t<\/div>\n\t\t<\/section>\n\t\t\t\t\t\t<\/div>\n\t\t\t\t\t<\/div>\n\t\t<\/div>\n\t\t\t\t\t\t\t\t<\/div>\n\t\t\t\t\t<\/div>\n\t\t<\/section>\n\t\t\t\t\t\t\t\t\t<\/div>\n\t\t\t<\/div>\n\t\t\t\t\t<\/div>\n\t\t","protected":false},"excerpt":{"rendered":"<p>HOTLINE PROFITEZ DES SERVICES MIS A VOTRE DISPOSITION VODATEL s&#039;occupe de vous Service technique technique@smbgroup.be Nous contacter +32 4 277 90 55 Vous rencontrez un&hellip;<\/p>\n","protected":false},"author":1,"featured_media":0,"parent":28,"menu_order":0,"comment_status":"closed","ping_status":"closed","template":"","meta":[],"yoast_head":"<!-- This site is optimized with the Yoast SEO plugin v20.9 - https:\/\/yoast.com\/wordpress\/plugins\/seo\/ -->\n<title>Hotline - SMB Group<\/title>\n<meta name=\"robots\" content=\"index, follow, max-snippet:-1, max-image-preview:large, max-video-preview:-1\" \/>\n<link rel=\"canonical\" href=\"https:\/\/smbgroup.webcommunic.com\/index.php\/telephonie\/hotline-2\/\" \/>\n<meta property=\"og:locale\" content=\"fr_FR\" \/>\n<meta property=\"og:type\" content=\"article\" \/>\n<meta property=\"og:title\" content=\"Hotline - SMB Group\" \/>\n<meta property=\"og:description\" content=\"HOTLINE PROFITEZ DES SERVICES MIS A VOTRE DISPOSITION VODATEL s&#039;occupe de vous Service technique technique@smbgroup.be Nous contacter +32 4 277 90 55 Vous rencontrez un&hellip;\" \/>\n<meta property=\"og:url\" content=\"https:\/\/smbgroup.webcommunic.com\/index.php\/telephonie\/hotline-2\/\" \/>\n<meta property=\"og:site_name\" content=\"SMB Group\" \/>\n<meta property=\"article:publisher\" content=\"https:\/\/www.facebook.com\/smbgroup.be\" \/>\n<meta property=\"article:modified_time\" content=\"2023-06-16T13:45:43+00:00\" \/>\n<meta property=\"og:image\" content=\"https:\/\/smbgroup.webcommunic.com\/wp-content\/uploads\/2023\/05\/810e6c78-shapes-testimonial.png\" \/>\n<meta name=\"twitter:card\" content=\"summary_large_image\" \/>\n<meta name=\"twitter:site\" content=\"@smbgroup_\" \/>\n<meta name=\"twitter:label1\" content=\"Dur\u00e9e de lecture estim\u00e9e\" \/>\n\t<meta name=\"twitter:data1\" content=\"1 minute\" \/>\n<script type=\"application\/ld+json\" class=\"yoast-schema-graph\">{\"@context\":\"https:\/\/schema.org\",\"@graph\":[{\"@type\":\"WebPage\",\"@id\":\"https:\/\/smbgroup.webcommunic.com\/index.php\/telephonie\/hotline-2\/\",\"url\":\"https:\/\/smbgroup.webcommunic.com\/index.php\/telephonie\/hotline-2\/\",\"name\":\"Hotline - SMB Group\",\"isPartOf\":{\"@id\":\"https:\/\/smbgroup.webcommunic.com\/#website\"},\"datePublished\":\"2019-01-17T10:10:03+00:00\",\"dateModified\":\"2023-06-16T13:45:43+00:00\",\"breadcrumb\":{\"@id\":\"https:\/\/smbgroup.webcommunic.com\/index.php\/telephonie\/hotline-2\/#breadcrumb\"},\"inLanguage\":\"fr-FR\",\"potentialAction\":[{\"@type\":\"ReadAction\",\"target\":[\"https:\/\/smbgroup.webcommunic.com\/index.php\/telephonie\/hotline-2\/\"]}]},{\"@type\":\"BreadcrumbList\",\"@id\":\"https:\/\/smbgroup.webcommunic.com\/index.php\/telephonie\/hotline-2\/#breadcrumb\",\"itemListElement\":[{\"@type\":\"ListItem\",\"position\":1,\"name\":\"Accueil\",\"item\":\"https:\/\/smbgroup.webcommunic.com\/\"},{\"@type\":\"ListItem\",\"position\":2,\"name\":\"T\u00e9l\u00e9phonie\",\"item\":\"https:\/\/smbgroup.webcommunic.com\/index.php\/telephonie\/\"},{\"@type\":\"ListItem\",\"position\":3,\"name\":\"Hotline\"}]},{\"@type\":\"WebSite\",\"@id\":\"https:\/\/smbgroup.webcommunic.com\/#website\",\"url\":\"https:\/\/smbgroup.webcommunic.com\/\",\"name\":\"SMB Group\",\"description\":\"Hardware &amp; Software Solutions\",\"publisher\":{\"@id\":\"https:\/\/smbgroup.webcommunic.com\/#organization\"},\"potentialAction\":[{\"@type\":\"SearchAction\",\"target\":{\"@type\":\"EntryPoint\",\"urlTemplate\":\"https:\/\/smbgroup.webcommunic.com\/?s={search_term_string}\"},\"query-input\":\"required name=search_term_string\"}],\"inLanguage\":\"fr-FR\"},{\"@type\":\"Organization\",\"@id\":\"https:\/\/smbgroup.webcommunic.com\/#organization\",\"name\":\"SMB Group\",\"url\":\"https:\/\/smbgroup.webcommunic.com\/\",\"logo\":{\"@type\":\"ImageObject\",\"inLanguage\":\"fr-FR\",\"@id\":\"https:\/\/smbgroup.webcommunic.com\/#\/schema\/logo\/image\/\",\"url\":\"https:\/\/www.smbgroup.be\/wp-content\/uploads\/2019\/04\/logo-smb_high2-e1555669251801.png\",\"contentUrl\":\"https:\/\/www.smbgroup.be\/wp-content\/uploads\/2019\/04\/logo-smb_high2-e1555669251801.png\",\"width\":200,\"height\":239,\"caption\":\"SMB Group\"},\"image\":{\"@id\":\"https:\/\/smbgroup.webcommunic.com\/#\/schema\/logo\/image\/\"},\"sameAs\":[\"https:\/\/www.facebook.com\/smbgroup.be\",\"https:\/\/twitter.com\/smbgroup_\",\"https:\/\/www.linkedin.com\/company\/smb-it-management-solutions---belgique-s-a\/\",\"https:\/\/www.youtube.com\/channel\/UCGSg8O2NrzqXyxt795vK6GA?view_as=subscriber\"]}]}<\/script>\n<!-- \/ Yoast SEO plugin. -->","yoast_head_json":{"title":"Hotline - SMB Group","robots":{"index":"index","follow":"follow","max-snippet":"max-snippet:-1","max-image-preview":"max-image-preview:large","max-video-preview":"max-video-preview:-1"},"canonical":"https:\/\/smbgroup.webcommunic.com\/index.php\/telephonie\/hotline-2\/","og_locale":"fr_FR","og_type":"article","og_title":"Hotline - SMB Group","og_description":"HOTLINE PROFITEZ DES SERVICES MIS A VOTRE DISPOSITION VODATEL s&#039;occupe de vous Service technique technique@smbgroup.be Nous contacter +32 4 277 90 55 Vous rencontrez un&hellip;","og_url":"https:\/\/smbgroup.webcommunic.com\/index.php\/telephonie\/hotline-2\/","og_site_name":"SMB Group","article_publisher":"https:\/\/www.facebook.com\/smbgroup.be","article_modified_time":"2023-06-16T13:45:43+00:00","og_image":[{"url":"https:\/\/smbgroup.webcommunic.com\/wp-content\/uploads\/2023\/05\/810e6c78-shapes-testimonial.png"}],"twitter_card":"summary_large_image","twitter_site":"@smbgroup_","twitter_misc":{"Dur\u00e9e de lecture estim\u00e9e":"1 minute"},"schema":{"@context":"https:\/\/schema.org","@graph":[{"@type":"WebPage","@id":"https:\/\/smbgroup.webcommunic.com\/index.php\/telephonie\/hotline-2\/","url":"https:\/\/smbgroup.webcommunic.com\/index.php\/telephonie\/hotline-2\/","name":"Hotline - SMB Group","isPartOf":{"@id":"https:\/\/smbgroup.webcommunic.com\/#website"},"datePublished":"2019-01-17T10:10:03+00:00","dateModified":"2023-06-16T13:45:43+00:00","breadcrumb":{"@id":"https:\/\/smbgroup.webcommunic.com\/index.php\/telephonie\/hotline-2\/#breadcrumb"},"inLanguage":"fr-FR","potentialAction":[{"@type":"ReadAction","target":["https:\/\/smbgroup.webcommunic.com\/index.php\/telephonie\/hotline-2\/"]}]},{"@type":"BreadcrumbList","@id":"https:\/\/smbgroup.webcommunic.com\/index.php\/telephonie\/hotline-2\/#breadcrumb","itemListElement":[{"@type":"ListItem","position":1,"name":"Accueil","item":"https:\/\/smbgroup.webcommunic.com\/"},{"@type":"ListItem","position":2,"name":"T\u00e9l\u00e9phonie","item":"https:\/\/smbgroup.webcommunic.com\/index.php\/telephonie\/"},{"@type":"ListItem","position":3,"name":"Hotline"}]},{"@type":"WebSite","@id":"https:\/\/smbgroup.webcommunic.com\/#website","url":"https:\/\/smbgroup.webcommunic.com\/","name":"SMB Group","description":"Hardware &amp; Software Solutions","publisher":{"@id":"https:\/\/smbgroup.webcommunic.com\/#organization"},"potentialAction":[{"@type":"SearchAction","target":{"@type":"EntryPoint","urlTemplate":"https:\/\/smbgroup.webcommunic.com\/?s={search_term_string}"},"query-input":"required name=search_term_string"}],"inLanguage":"fr-FR"},{"@type":"Organization","@id":"https:\/\/smbgroup.webcommunic.com\/#organization","name":"SMB Group","url":"https:\/\/smbgroup.webcommunic.com\/","logo":{"@type":"ImageObject","inLanguage":"fr-FR","@id":"https:\/\/smbgroup.webcommunic.com\/#\/schema\/logo\/image\/","url":"https:\/\/www.smbgroup.be\/wp-content\/uploads\/2019\/04\/logo-smb_high2-e1555669251801.png","contentUrl":"https:\/\/www.smbgroup.be\/wp-content\/uploads\/2019\/04\/logo-smb_high2-e1555669251801.png","width":200,"height":239,"caption":"SMB Group"},"image":{"@id":"https:\/\/smbgroup.webcommunic.com\/#\/schema\/logo\/image\/"},"sameAs":["https:\/\/www.facebook.com\/smbgroup.be","https:\/\/twitter.com\/smbgroup_","https:\/\/www.linkedin.com\/company\/smb-it-management-solutions---belgique-s-a\/","https:\/\/www.youtube.com\/channel\/UCGSg8O2NrzqXyxt795vK6GA?view_as=subscriber"]}]}},"_links":{"self":[{"href":"https:\/\/smbgroup.webcommunic.com\/index.php\/wp-json\/wp\/v2\/pages\/1272"}],"collection":[{"href":"https:\/\/smbgroup.webcommunic.com\/index.php\/wp-json\/wp\/v2\/pages"}],"about":[{"href":"https:\/\/smbgroup.webcommunic.com\/index.php\/wp-json\/wp\/v2\/types\/page"}],"author":[{"embeddable":true,"href":"https:\/\/smbgroup.webcommunic.com\/index.php\/wp-json\/wp\/v2\/users\/1"}],"replies":[{"embeddable":true,"href":"https:\/\/smbgroup.webcommunic.com\/index.php\/wp-json\/wp\/v2\/comments?post=1272"}],"version-history":[{"count":92,"href":"https:\/\/smbgroup.webcommunic.com\/index.php\/wp-json\/wp\/v2\/pages\/1272\/revisions"}],"predecessor-version":[{"id":10030,"href":"https:\/\/smbgroup.webcommunic.com\/index.php\/wp-json\/wp\/v2\/pages\/1272\/revisions\/10030"}],"up":[{"embeddable":true,"href":"https:\/\/smbgroup.webcommunic.com\/index.php\/wp-json\/wp\/v2\/pages\/28"}],"wp:attachment":[{"href":"https:\/\/smbgroup.webcommunic.com\/index.php\/wp-json\/wp\/v2\/media?parent=1272"}],"curies":[{"name":"wp","href":"https:\/\/api.w.org\/{rel}","templated":true}]}}